{"id":461,"date":"2026-03-22T17:43:30","date_gmt":"2026-03-22T10:43:30","guid":{"rendered":"https:\/\/hemkinh.azdigi.shop\/?post_type=product&#038;p=461"},"modified":"2026-03-26T23:14:36","modified_gmt":"2026-03-26T16:14:36","slug":"gong-kinh-phi-cong","status":"publish","type":"product","link":"https:\/\/hemkinh.azdigi.shop\/?product=gong-kinh-phi-cong","title":{"rendered":"G\u1ecdng K\u00ednh Phi C\u00f4ng &#8211; HK1102"},"content":{"rendered":"<h3 data-path-to-node=\"2\">\u2728G\u1ecdng K\u00ednh HK1102 \u2013 Phong C\u00e1ch Phi C\u00f4ng M\u1ea1nh M\u1ebd V\u00e0 Ph\u00e1 C\u00e1ch<\/h3>\n<h3 data-path-to-node=\"1\">1. Thi\u1ebft k\u1ebf d\u00e1ng phi c\u00f4ng (Aviator) huy\u1ec1n tho\u1ea1i<\/h3>\n<p data-path-to-node=\"2\">G\u1ecdng k\u00ednh HK1102 mang ki\u1ec3u d\u00e1ng phi c\u00f4ng kinh \u0111i\u1ec3n, bi\u1ec3u t\u01b0\u1ee3ng c\u1ee7a s\u1ef1 t\u1ef1 do v\u00e0 v\u1ebb ngo\u00e0i \u0111\u1ea7y cu\u1ed1n h\u00fat. V\u1edbi \u0111\u01b0\u1eddng n\u00e9t khung k\u00ednh l\u1edbn v\u00e0 c\u1ea7u k\u00e9p \u0111\u1eb7c tr\u01b0ng, thi\u1ebft k\u1ebf n\u00e0y gi\u00fap g\u01b0\u01a1ng m\u1eb7t tr\u1edf n\u00ean g\u00f3c c\u1ea1nh, nam t\u00ednh v\u00e0 v\u00f4 c\u00f9ng th\u1eddi th\u01b0\u1ee3ng. \u0110\u00e2y l\u00e0 l\u1ef1a ch\u1ecdn kh\u00f4ng th\u1ec3 b\u1ecf qua cho nh\u1eefng ai mu\u1ed1n kh\u1eb3ng \u0111\u1ecbnh phong c\u00e1ch c\u00e1 nh\u00e2n m\u1ea1nh m\u1ebd.<\/p>\n<h3 data-path-to-node=\"3\">2. Ch\u1ea5t li\u1ec7u h\u1ee3p kim cao c\u1ea5p ph\u1ed1i nh\u1ef1a b\u1ec1n b\u1ec9<\/h3>\n<ul data-path-to-node=\"4\">\n<li>\n<p data-path-to-node=\"4,0,0\"><strong>Khung h\u1ee3p kim si\u00eau b\u1ec1n<\/strong><b data-path-to-node=\"4,0,0\" data-index-in-node=\"0\">:<\/b> \u0110\u01b0\u1ee3c ch\u1ebf t\u00e1c t\u1eeb h\u1ee3p kim ch\u1ed1ng g\u1ec9 s\u00e9t, \u0111\u1ea3m b\u1ea3o \u0111\u1ed9 s\u00e1ng b\u00f3ng l\u00e2u d\u00e0i v\u00e0 kh\u1ea3 n\u0103ng ch\u1ecbu l\u1ef1c c\u1ef1c t\u1ed1t.<\/p>\n<\/li>\n<li>\n<p data-path-to-node=\"4,1,0\"><b data-path-to-node=\"4,1,0\" data-index-in-node=\"0\">C\u00e0ng k\u00ednh ph\u1ed1i nh\u1ef1a \u00eam \u00e1i:<\/b> Ph\u1ea7n \u0111u\u00f4i c\u00e0ng k\u00ednh \u0111\u01b0\u1ee3c b\u1ecdc nh\u1ef1a cao c\u1ea5p, gi\u00fap gi\u1ea3m \u00e1p l\u1ef1c l\u00ean v\u00e0nh tai, mang l\u1ea1i c\u1ea3m gi\u00e1c d\u1ec5 ch\u1ecbu d\u00f9 \u0111eo su\u1ed1t c\u1ea3 ng\u00e0y.<\/p>\n<\/li>\n<li>\n<p data-path-to-node=\"4,2,0\"><b data-path-to-node=\"4,2,0\" data-index-in-node=\"0\">Tr\u1ecdng l\u01b0\u1ee3ng t\u1ed1i \u01b0u:<\/b> D\u00f9 mang v\u1ebb ngo\u00e0i h\u1ea7m h\u1ed1 nh\u01b0ng HK1102 l\u1ea1i r\u1ea5t nh\u1eb9, kh\u00f4ng g\u00e2y c\u1ea3m gi\u00e1c n\u1eb7ng n\u1ec1 hay h\u1eb1n l\u00ean s\u1ed1ng m\u0169i.<\/p>\n<\/li>\n<\/ul>\n<h3 data-path-to-node=\"5\">3. B\u1ea3ng m\u00e0u c\u00e1 t\u00ednh, d\u1eabn \u0111\u1ea7u xu h\u01b0\u1edbng<\/h3>\n<ul data-path-to-node=\"6\">\n<li>\n<p data-path-to-node=\"6,0,0\"><b data-path-to-node=\"6,0,0\" data-index-in-node=\"0\">\u0110en b\u00f3ng:<\/b> Quy\u1ec1n l\u1ef1c, b\u00ed \u1ea9n v\u00e0 c\u1ef1c k\u1ef3 d\u1ec5 ph\u1ed1i v\u1edbi m\u1ecdi lo\u1ea1i trang ph\u1ee5c t\u1eeb suit \u0111\u1ebfn \u0111\u1ed3 d\u1ea1o ph\u1ed1.<\/p>\n<\/li>\n<li>\n<p data-path-to-node=\"6,1,0\"><b data-path-to-node=\"6,1,0\" data-index-in-node=\"0\">V\u00e0ng kim (Gold):<\/b> Sang tr\u1ecdng, l\u00e3ng t\u1eed, t\u1ea1o \u0111i\u1ec3m nh\u1ea5n n\u1ed5i b\u1eadt cho nh\u1eefng bu\u1ed5i ti\u1ec7c hay s\u1ef1 ki\u1ec7n quan tr\u1ecdng.<\/p>\n<\/li>\n<li>\n<p data-path-to-node=\"6,2,0\"><b data-path-to-node=\"6,2,0\" data-index-in-node=\"0\">B\u1ea1c (Silver):<\/b> Hi\u1ec7n \u0111\u1ea1i, tr\u1ebb trung v\u00e0 mang h\u01a1i h\u01b0\u1edbng c\u00f4ng ngh\u1ec7 t\u01b0\u01a1ng lai.<\/p>\n<\/li>\n<li>\n<p data-path-to-node=\"6,3,0\"><b data-path-to-node=\"6,3,0\" data-index-in-node=\"0\">X\u00e1m kh\u00f3i:<\/b> Tinh t\u1ebf, \u0111i\u1ec1m \u0111\u1ea1m, ph\u00f9 h\u1ee3p v\u1edbi phong c\u00e1ch t\u1ed1i gi\u1ea3n nh\u01b0ng v\u1eabn \u0111\u1eb3ng c\u1ea5p.<\/p>\n<\/li>\n<\/ul>\n<h3 data-path-to-node=\"7\">4. \u01afu \u0111i\u1ec3m n\u1ed5i b\u1eadt c\u1ee7a G\u1ecdng K\u00ednh HK1102<\/h3>\n<ul data-path-to-node=\"8\">\n<li>\n<p data-path-to-node=\"8,0,0\"><b data-path-to-node=\"8,0,0\" data-index-in-node=\"0\">\u0110\u1ecbnh h\u00ecnh phong c\u00e1ch:<\/b> D\u00e1ng phi c\u00f4ng gi\u00fap &#8220;hack&#8221; d\u00e1ng m\u1eb7t, \u0111\u1eb7c bi\u1ec7t ph\u00f9 h\u1ee3p v\u1edbi m\u1eb7t tr\u00f2n, tr\u00e1i xoan ho\u1eb7c m\u1eb7t d\u00e0i, t\u1ea1o s\u1ef1 c\u00e2n \u0111\u1ed1i tuy\u1ec7t v\u1eddi.<\/p>\n<\/li>\n<li>\n<p data-path-to-node=\"8,1,0\"><b data-path-to-node=\"8,1,0\" data-index-in-node=\"0\">K\u1ebft c\u1ea5u ch\u1eafc ch\u1eafn:<\/b> C\u00e1c kh\u1edbp n\u1ed1i \u0111\u01b0\u1ee3c gia c\u00f4ng t\u1ec9 m\u1ec9, \u0111\u1ea3m b\u1ea3o \u0111\u1ed9 linh ho\u1ea1t v\u00e0 b\u1ec1n b\u1ec9 trong qu\u00e1 tr\u00ecnh s\u1eed d\u1ee5ng.<\/p>\n<\/li>\n<li>\n<p data-path-to-node=\"8,2,0\"><b data-path-to-node=\"8,2,0\" data-index-in-node=\"0\">T\u00ednh \u1ee9ng d\u1ee5ng cao:<\/b> D\u1ec5 d\u00e0ng l\u1eafp \u0111\u01b0\u1ee3c tr\u00f2ng k\u00ednh c\u1eadn, lo\u1ea1n ho\u1eb7c c\u00e1c d\u00f2ng tr\u00f2ng k\u00ednh r\u00e2m c\u00f3 \u0111\u1ed9, k\u00ednh \u0111\u1ed5i m\u00e0u th\u1eddi trang.<\/p>\n<\/li>\n<\/ul>\n<h3 data-path-to-node=\"9\">5. S\u1ea3n ph\u1ea9m n\u00e0y d\u00e0nh cho ai?<\/h3>\n<p data-path-to-node=\"10\">G\u1ecdng k\u00ednh HK1102 l\u00e0 s\u1ef1 l\u1ef1a ch\u1ecdn ho\u00e0n h\u1ea3o cho:<\/p>\n<ul data-path-to-node=\"11\">\n<li>\n<p data-path-to-node=\"11,0,0\">L\u1ef1a ch\u1ecdn ho\u00e0n h\u1ea3o cho ph\u00e1i m\u1ea1nh l\u1ecbch l\u00e3m ho\u1eb7c qu\u00fd c\u00f4 c\u00e1 t\u00ednh.<\/p>\n<\/li>\n<li>\n<p data-path-to-node=\"11,0,0\">Ph\u00f9 h\u1ee3p ng\u01b0\u1eddi th\u01b0\u1eddng xuy\u00ean di chuy\u1ec3n, y\u00eau c\u1ea7u s\u1ef1 ch\u1ec9n chu..<\/p>\n<\/li>\n<li>\n<p data-path-to-node=\"11,2,0\">C\u00e1c t\u00edn \u0111\u1ed3 th\u1eddi trang \u0111ang t\u00ecm ki\u1ebfm m\u1ed9t m\u00f3n ph\u1ee5 ki\u1ec7n v\u01b0\u1ee3t th\u1eddi gian, kh\u00f4ng bao gi\u1edd l\u1ed7i m\u1ed1t.<\/p>\n<\/li>\n<\/ul>\n<h3 data-path-to-node=\"12\">6. T\u1ea1i sao n\u00ean ch\u1ecdn G\u1ecdng K\u00ednh HK1102 t\u1ea1i H\u1ebbm K\u00ednh?<\/h3>\n<ul data-path-to-node=\"13\">\n<li>\n<p data-path-to-node=\"13,0,0\">Ki\u1ec3u d\u00e1ng Aviator c\u1ea7u \u0111\u00f4i hi\u1ec7n \u0111\u1ea1i, t\u00f4n vinh n\u00e9t \u0111\u1eb9p g\u00f3c c\u1ea1nh c\u1ee7a khu\u00f4n m\u1eb7t.<\/p>\n<\/li>\n<li>\n<p data-path-to-node=\"13,1,0\">S\u1ef1 k\u1ebft h\u1ee3p v\u1eadt li\u1ec7u th\u00f4ng minh: B\u1ec1n b\u1ec9 c\u1ee7a kim lo\u1ea1i v\u00e0 nh\u1eb9 nh\u00e0ng c\u1ee7a nh\u1ef1a.<\/p>\n<\/li>\n<li>\n<p data-path-to-node=\"13,2,0\">Ch\u1ebf \u0111\u1ed9 h\u1eadu m\u00e3i chu \u0111\u00e1o, h\u1ed7 tr\u1ee3 \u0111i\u1ec1u ch\u1ec9nh g\u1ecdng k\u00ednh ho\u00e0n to\u00e0n mi\u1ec5n ph\u00ed.<\/p>\n<\/li>\n<\/ul>\n<h3 data-path-to-node=\"14\">7. S\u1edf h\u1eefu ngay HK1102 \u0111\u1ec3 n\u00e2ng t\u1ea7m phong c\u00e1ch!<\/h3>\n<p data-path-to-node=\"0\">\u0110\u1eebng ch\u1ec9 nh\u00ecn, h\u00e3y tr\u1ea3i nghi\u1ec7m s\u1ef1 kh\u00e1c bi\u1ec7t t\u1eeb g\u1ecdng k\u00ednh HK1102. Ch\u1ecdn ngay m\u00e0u s\u1eafc y\u00eau th\u00edch t\u1ea1i H\u1ebbm K\u00ednh \u0111\u1ec3 l\u00e0m m\u1edbi di\u1ec7n m\u1ea1o. H\u00e3y t\u1ef1 tin l\u00e0m ch\u1ee7 m\u1ecdi \u00e1nh nh\u00ecn c\u00f9ng ph\u1ee5 ki\u1ec7n th\u1eddi th\u01b0\u1ee3ng n\u00e0y.<\/p>\n<p data-path-to-node=\"18,2,0\">\n","protected":false},"excerpt":{"rendered":"<p>G\u1ecdng k\u00ednh thanh m\u1ea3nh, thi\u1ebft k\u1ebf phi c\u00f4ng c\u1ea7u \u0111\u00f4i hi\u1ec7n \u0111\u1ea1i, m\u1eabu k\u00ednh chu\u1ea9n gu GenZ, t\u00f4n vinh n\u00e9t sang ch\u1ea3nh.<\/p>\n","protected":false},"featured_media":482,"comment_status":"open","ping_status":"closed","template":"","meta":[],"product_brand":[],"product_cat":[19],"product_tag":[],"class_list":{"0":"post-461","1":"product","2":"type-product","3":"status-publish","4":"has-post-thumbnail","6":"product_cat-gong-kinh","8":"first","9":"instock","10":"sale","11":"shipping-taxable","12":"purchasable","13":"product-type-variable"},"yoast_head":"<!-- This site is optimized with the Yoast SEO plugin v26.9 - https:\/\/yoast.com\/product\/yoast-seo-wordpress\/ -->\n<title>G\u1ecdng K\u00ednh Phi C\u00f4ng - HK1102 - hemkinh<\/title>\n<meta name=\"description\" content=\"G\u1ecdng k\u00ednh phi c\u00f4ng g\u1ecdng m\u1ea3nh, thi\u1ebft k\u1ebf sang ch\u1ea3nh. Thi\u1ebft k\u1ebf c\u1ea7u \u0111\u00f4i th\u1eddi th\u01b0\u1ee3ng, chu\u1ea9n phong c\u00e1ch GenZ, t\u00f4n vinh n\u00e9t tri th\u1ee9c.\" \/>\n<meta name=\"robots\" content=\"index, follow, max-snippet:-1, max-image-preview:large, max-video-preview:-1\" \/>\n<link rel=\"canonical\" href=\"https:\/\/hemkinh.azdigi.shop\/index.php\/san-pham\/gong-kinh-phi-cong\/\" \/>\n<meta property=\"og:locale\" content=\"vi_VN\" \/>\n<meta property=\"og:type\" content=\"article\" \/>\n<meta property=\"og:title\" content=\"G\u1ecdng K\u00ednh Phi C\u00f4ng - HK1102 - hemkinh\" \/>\n<meta property=\"og:description\" content=\"G\u1ecdng k\u00ednh phi c\u00f4ng g\u1ecdng m\u1ea3nh, thi\u1ebft k\u1ebf sang ch\u1ea3nh. Thi\u1ebft k\u1ebf c\u1ea7u \u0111\u00f4i th\u1eddi th\u01b0\u1ee3ng, chu\u1ea9n phong c\u00e1ch GenZ, t\u00f4n vinh n\u00e9t tri th\u1ee9c.\" \/>\n<meta property=\"og:url\" content=\"https:\/\/hemkinh.azdigi.shop\/index.php\/san-pham\/gong-kinh-phi-cong\/\" \/>\n<meta property=\"og:site_name\" content=\"hemkinh\" \/>\n<meta property=\"article:modified_time\" content=\"2026-03-26T16:14:36+00:00\" \/>\n<meta property=\"og:image\" content=\"https:\/\/hemkinh.azdigi.shop\/wp-content\/uploads\/2026\/03\/nhom-1.3.jpg\" \/>\n\t<meta property=\"og:image:width\" content=\"736\" \/>\n\t<meta property=\"og:image:height\" content=\"980\" \/>\n\t<meta property=\"og:image:type\" content=\"image\/jpeg\" \/>\n<meta name=\"twitter:card\" content=\"summary_large_image\" \/>\n<meta name=\"twitter:label1\" content=\"\u01af\u1edbc t\u00ednh th\u1eddi gian \u0111\u1ecdc\" \/>\n\t<meta name=\"twitter:data1\" content=\"4 ph\u00fat\" \/>\n<script type=\"application\/ld+json\" class=\"yoast-schema-graph\">{\"@context\":\"https:\/\/schema.org\",\"@graph\":[{\"@type\":\"WebPage\",\"@id\":\"https:\/\/hemkinh.azdigi.shop\/index.php\/san-pham\/gong-kinh-phi-cong\/\",\"url\":\"https:\/\/hemkinh.azdigi.shop\/index.php\/san-pham\/gong-kinh-phi-cong\/\",\"name\":\"G\u1ecdng K\u00ednh Phi C\u00f4ng - HK1102 - hemkinh\",\"isPartOf\":{\"@id\":\"https:\/\/hemkinh.azdigi.shop\/#website\"},\"primaryImageOfPage\":{\"@id\":\"https:\/\/hemkinh.azdigi.shop\/index.php\/san-pham\/gong-kinh-phi-cong\/#primaryimage\"},\"image\":{\"@id\":\"https:\/\/hemkinh.azdigi.shop\/index.php\/san-pham\/gong-kinh-phi-cong\/#primaryimage\"},\"thumbnailUrl\":\"https:\/\/hemkinh.azdigi.shop\/wp-content\/uploads\/2026\/03\/nhom-1.3.jpg\",\"datePublished\":\"2026-03-22T10:43:30+00:00\",\"dateModified\":\"2026-03-26T16:14:36+00:00\",\"description\":\"G\u1ecdng k\u00ednh phi c\u00f4ng g\u1ecdng m\u1ea3nh, thi\u1ebft k\u1ebf sang ch\u1ea3nh. Thi\u1ebft k\u1ebf c\u1ea7u \u0111\u00f4i th\u1eddi th\u01b0\u1ee3ng, chu\u1ea9n phong c\u00e1ch GenZ, t\u00f4n vinh n\u00e9t tri th\u1ee9c.\",\"breadcrumb\":{\"@id\":\"https:\/\/hemkinh.azdigi.shop\/index.php\/san-pham\/gong-kinh-phi-cong\/#breadcrumb\"},\"inLanguage\":\"vi\",\"potentialAction\":[{\"@type\":\"ReadAction\",\"target\":[\"https:\/\/hemkinh.azdigi.shop\/index.php\/san-pham\/gong-kinh-phi-cong\/\"]}]},{\"@type\":\"ImageObject\",\"inLanguage\":\"vi\",\"@id\":\"https:\/\/hemkinh.azdigi.shop\/index.php\/san-pham\/gong-kinh-phi-cong\/#primaryimage\",\"url\":\"https:\/\/hemkinh.azdigi.shop\/wp-content\/uploads\/2026\/03\/nhom-1.3.jpg\",\"contentUrl\":\"https:\/\/hemkinh.azdigi.shop\/wp-content\/uploads\/2026\/03\/nhom-1.3.jpg\",\"width\":736,\"height\":980},{\"@type\":\"BreadcrumbList\",\"@id\":\"https:\/\/hemkinh.azdigi.shop\/index.php\/san-pham\/gong-kinh-phi-cong\/#breadcrumb\",\"itemListElement\":[{\"@type\":\"ListItem\",\"position\":1,\"name\":\"Trang ch\u1ee7\",\"item\":\"https:\/\/hemkinh.azdigi.shop\/\"},{\"@type\":\"ListItem\",\"position\":2,\"name\":\"B\u1ed9 s\u01b0u t\u1eadp\",\"item\":\"https:\/\/hemkinh.azdigi.shop\/?page_id=339\"},{\"@type\":\"ListItem\",\"position\":3,\"name\":\"G\u1ecdng K\u00ednh Phi C\u00f4ng &#8211; HK1102\"}]},{\"@type\":\"WebSite\",\"@id\":\"https:\/\/hemkinh.azdigi.shop\/#website\",\"url\":\"https:\/\/hemkinh.azdigi.shop\/\",\"name\":\"hemkinh\",\"description\":\"\",\"publisher\":{\"@id\":\"https:\/\/hemkinh.azdigi.shop\/#organization\"},\"potentialAction\":[{\"@type\":\"SearchAction\",\"target\":{\"@type\":\"EntryPoint\",\"urlTemplate\":\"https:\/\/hemkinh.azdigi.shop\/?s={search_term_string}\"},\"query-input\":{\"@type\":\"PropertyValueSpecification\",\"valueRequired\":true,\"valueName\":\"search_term_string\"}}],\"inLanguage\":\"vi\"},{\"@type\":\"Organization\",\"@id\":\"https:\/\/hemkinh.azdigi.shop\/#organization\",\"name\":\"hemkinh\",\"url\":\"https:\/\/hemkinh.azdigi.shop\/\",\"logo\":{\"@type\":\"ImageObject\",\"inLanguage\":\"vi\",\"@id\":\"https:\/\/hemkinh.azdigi.shop\/#\/schema\/logo\/image\/\",\"url\":\"https:\/\/hemkinh.azdigi.shop\/wp-content\/uploads\/2026\/03\/b6fc8f68-8452-4d6f-8f3e-038287a0aca6.png\",\"contentUrl\":\"https:\/\/hemkinh.azdigi.shop\/wp-content\/uploads\/2026\/03\/b6fc8f68-8452-4d6f-8f3e-038287a0aca6.png\",\"width\":1020,\"height\":680,\"caption\":\"hemkinh\"},\"image\":{\"@id\":\"https:\/\/hemkinh.azdigi.shop\/#\/schema\/logo\/image\/\"}}]}<\/script>\n<!-- \/ Yoast SEO plugin. -->","yoast_head_json":{"title":"G\u1ecdng K\u00ednh Phi C\u00f4ng - HK1102 - hemkinh","description":"G\u1ecdng k\u00ednh phi c\u00f4ng g\u1ecdng m\u1ea3nh, thi\u1ebft k\u1ebf sang ch\u1ea3nh. Thi\u1ebft k\u1ebf c\u1ea7u \u0111\u00f4i th\u1eddi th\u01b0\u1ee3ng, chu\u1ea9n phong c\u00e1ch GenZ, t\u00f4n vinh n\u00e9t tri th\u1ee9c.","robots":{"index":"index","follow":"follow","max-snippet":"max-snippet:-1","max-image-preview":"max-image-preview:large","max-video-preview":"max-video-preview:-1"},"canonical":"https:\/\/hemkinh.azdigi.shop\/index.php\/san-pham\/gong-kinh-phi-cong\/","og_locale":"vi_VN","og_type":"article","og_title":"G\u1ecdng K\u00ednh Phi C\u00f4ng - HK1102 - hemkinh","og_description":"G\u1ecdng k\u00ednh phi c\u00f4ng g\u1ecdng m\u1ea3nh, thi\u1ebft k\u1ebf sang ch\u1ea3nh. Thi\u1ebft k\u1ebf c\u1ea7u \u0111\u00f4i th\u1eddi th\u01b0\u1ee3ng, chu\u1ea9n phong c\u00e1ch GenZ, t\u00f4n vinh n\u00e9t tri th\u1ee9c.","og_url":"https:\/\/hemkinh.azdigi.shop\/index.php\/san-pham\/gong-kinh-phi-cong\/","og_site_name":"hemkinh","article_modified_time":"2026-03-26T16:14:36+00:00","og_image":[{"width":736,"height":980,"url":"https:\/\/hemkinh.azdigi.shop\/wp-content\/uploads\/2026\/03\/nhom-1.3.jpg","type":"image\/jpeg"}],"twitter_card":"summary_large_image","twitter_misc":{"\u01af\u1edbc t\u00ednh th\u1eddi gian \u0111\u1ecdc":"4 ph\u00fat"},"schema":{"@context":"https:\/\/schema.org","@graph":[{"@type":"WebPage","@id":"https:\/\/hemkinh.azdigi.shop\/index.php\/san-pham\/gong-kinh-phi-cong\/","url":"https:\/\/hemkinh.azdigi.shop\/index.php\/san-pham\/gong-kinh-phi-cong\/","name":"G\u1ecdng K\u00ednh Phi C\u00f4ng - HK1102 - hemkinh","isPartOf":{"@id":"https:\/\/hemkinh.azdigi.shop\/#website"},"primaryImageOfPage":{"@id":"https:\/\/hemkinh.azdigi.shop\/index.php\/san-pham\/gong-kinh-phi-cong\/#primaryimage"},"image":{"@id":"https:\/\/hemkinh.azdigi.shop\/index.php\/san-pham\/gong-kinh-phi-cong\/#primaryimage"},"thumbnailUrl":"https:\/\/hemkinh.azdigi.shop\/wp-content\/uploads\/2026\/03\/nhom-1.3.jpg","datePublished":"2026-03-22T10:43:30+00:00","dateModified":"2026-03-26T16:14:36+00:00","description":"G\u1ecdng k\u00ednh phi c\u00f4ng g\u1ecdng m\u1ea3nh, thi\u1ebft k\u1ebf sang ch\u1ea3nh. Thi\u1ebft k\u1ebf c\u1ea7u \u0111\u00f4i th\u1eddi th\u01b0\u1ee3ng, chu\u1ea9n phong c\u00e1ch GenZ, t\u00f4n vinh n\u00e9t tri th\u1ee9c.","breadcrumb":{"@id":"https:\/\/hemkinh.azdigi.shop\/index.php\/san-pham\/gong-kinh-phi-cong\/#breadcrumb"},"inLanguage":"vi","potentialAction":[{"@type":"ReadAction","target":["https:\/\/hemkinh.azdigi.shop\/index.php\/san-pham\/gong-kinh-phi-cong\/"]}]},{"@type":"ImageObject","inLanguage":"vi","@id":"https:\/\/hemkinh.azdigi.shop\/index.php\/san-pham\/gong-kinh-phi-cong\/#primaryimage","url":"https:\/\/hemkinh.azdigi.shop\/wp-content\/uploads\/2026\/03\/nhom-1.3.jpg","contentUrl":"https:\/\/hemkinh.azdigi.shop\/wp-content\/uploads\/2026\/03\/nhom-1.3.jpg","width":736,"height":980},{"@type":"BreadcrumbList","@id":"https:\/\/hemkinh.azdigi.shop\/index.php\/san-pham\/gong-kinh-phi-cong\/#breadcrumb","itemListElement":[{"@type":"ListItem","position":1,"name":"Trang ch\u1ee7","item":"https:\/\/hemkinh.azdigi.shop\/"},{"@type":"ListItem","position":2,"name":"B\u1ed9 s\u01b0u t\u1eadp","item":"https:\/\/hemkinh.azdigi.shop\/?page_id=339"},{"@type":"ListItem","position":3,"name":"G\u1ecdng K\u00ednh Phi C\u00f4ng &#8211; HK1102"}]},{"@type":"WebSite","@id":"https:\/\/hemkinh.azdigi.shop\/#website","url":"https:\/\/hemkinh.azdigi.shop\/","name":"hemkinh","description":"","publisher":{"@id":"https:\/\/hemkinh.azdigi.shop\/#organization"},"potentialAction":[{"@type":"SearchAction","target":{"@type":"EntryPoint","urlTemplate":"https:\/\/hemkinh.azdigi.shop\/?s={search_term_string}"},"query-input":{"@type":"PropertyValueSpecification","valueRequired":true,"valueName":"search_term_string"}}],"inLanguage":"vi"},{"@type":"Organization","@id":"https:\/\/hemkinh.azdigi.shop\/#organization","name":"hemkinh","url":"https:\/\/hemkinh.azdigi.shop\/","logo":{"@type":"ImageObject","inLanguage":"vi","@id":"https:\/\/hemkinh.azdigi.shop\/#\/schema\/logo\/image\/","url":"https:\/\/hemkinh.azdigi.shop\/wp-content\/uploads\/2026\/03\/b6fc8f68-8452-4d6f-8f3e-038287a0aca6.png","contentUrl":"https:\/\/hemkinh.azdigi.shop\/wp-content\/uploads\/2026\/03\/b6fc8f68-8452-4d6f-8f3e-038287a0aca6.png","width":1020,"height":680,"caption":"hemkinh"},"image":{"@id":"https:\/\/hemkinh.azdigi.shop\/#\/schema\/logo\/image\/"}}]}},"_links":{"self":[{"href":"https:\/\/hemkinh.azdigi.shop\/index.php?rest_route=\/wp\/v2\/product\/461","targetHints":{"allow":["GET"]}}],"collection":[{"href":"https:\/\/hemkinh.azdigi.shop\/index.php?rest_route=\/wp\/v2\/product"}],"about":[{"href":"https:\/\/hemkinh.azdigi.shop\/index.php?rest_route=\/wp\/v2\/types\/product"}],"replies":[{"embeddable":true,"href":"https:\/\/hemkinh.azdigi.shop\/index.php?rest_route=%2Fwp%2Fv2%2Fcomments&post=461"}],"wp:featuredmedia":[{"embeddable":true,"href":"https:\/\/hemkinh.azdigi.shop\/index.php?rest_route=\/wp\/v2\/media\/482"}],"wp:attachment":[{"href":"https:\/\/hemkinh.azdigi.shop\/index.php?rest_route=%2Fwp%2Fv2%2Fmedia&parent=461"}],"wp:term":[{"taxonomy":"product_brand","embeddable":true,"href":"https:\/\/hemkinh.azdigi.shop\/index.php?rest_route=%2Fwp%2Fv2%2Fproduct_brand&post=461"},{"taxonomy":"product_cat","embeddable":true,"href":"https:\/\/hemkinh.azdigi.shop\/index.php?rest_route=%2Fwp%2Fv2%2Fproduct_cat&post=461"},{"taxonomy":"product_tag","embeddable":true,"href":"https:\/\/hemkinh.azdigi.shop\/index.php?rest_route=%2Fwp%2Fv2%2Fproduct_tag&post=461"}],"curies":[{"name":"wp","href":"https:\/\/api.w.org\/{rel}","templated":true}]}}