{"id":466,"date":"2026-03-22T18:35:45","date_gmt":"2026-03-22T11:35:45","guid":{"rendered":"https:\/\/hemkinh.azdigi.shop\/?post_type=product&#038;p=466"},"modified":"2026-03-26T23:14:17","modified_gmt":"2026-03-26T16:14:17","slug":"gong-kinh-tron","status":"publish","type":"product","link":"https:\/\/hemkinh.azdigi.shop\/?product=gong-kinh-tron","title":{"rendered":"G\u1ecdng K\u00ednh Tr\u00f2n RETRO &#8211; HK2101"},"content":{"rendered":"<h3 data-path-to-node=\"1\"><strong>\u2728<\/strong>G\u1ecdng K\u00ednh HK2101 \u2013 N\u00e9t \u0110\u1eb9p Retro C\u1ed5 \u0110i\u1ec3n, Tr\u00ed Th\u1ee9c V\u00e0 Th\u1eddi Th\u01b0\u1ee3ng<\/h3>\n<h3 data-path-to-node=\"1\">1. Thi\u1ebft K\u1ebf D\u00e1ng Tr\u00f2n Retro \u2013 V\u1ebb \u0110\u1eb9p V\u01b0\u1ee3t Th\u1eddi Gian<\/h3>\n<p data-path-to-node=\"2\">G\u1ecdng k\u00ednh HK2101 t\u1eeb H\u1ebbm K\u00ednh mang phong c\u00e1ch Retro \u0111\u1eb7c tr\u01b0ng v\u1edbi d\u00e1ng tr\u00f2n c\u1ed5 \u0111i\u1ec3n, t\u1ea1o n\u00ean v\u1ebb ngo\u00e0i tri th\u1ee9c, nh\u1eb9 nh\u00e0ng nh\u01b0ng kh\u00f4ng k\u00e9m ph\u1ea7n s\u00e0nh \u0111i\u1ec7u. \u0110\u00e2y l\u00e0 ph\u1ee5 ki\u1ec7n l\u00fd t\u01b0\u1edfng cho nh\u1eefng ai y\u00eau th\u00edch s\u1ef1 t\u1ed1i gi\u1ea3n, mu\u1ed1n t\u00ecm ki\u1ebfm m\u1ed9t ch\u00fat ho\u00e0i ni\u1ec7m pha l\u1eabn h\u01a1i th\u1edf hi\u1ec7n \u0111\u1ea1i trong phong c\u00e1ch h\u1eb1ng ng\u00e0y.<\/p>\n<h3 data-path-to-node=\"3\">2. Ch\u1ea5t Li\u1ec7u Kim Lo\u1ea1i Cao C\u1ea5p \u2013 Thanh M\u1ea3nh V\u00e0 Ch\u1eafc Ch\u1eafn<\/h3>\n<p data-path-to-node=\"4\">\u0110\u01b0\u1ee3c ch\u1ebf t\u00e1c t\u1ec9 m\u1ec9 t\u1eeb h\u1ee3p kim cao c\u1ea5p, HK2101 s\u1edf h\u1eefu nh\u1eefng \u0111\u1eb7c t\u00ednh \u0111\u00e1ng tin c\u1eady:<\/p>\n<ul data-path-to-node=\"5\">\n<li>\n<p data-path-to-node=\"5,0,0\"><b data-path-to-node=\"5,0,0\" data-index-in-node=\"0\">Tr\u1ecdng l\u01b0\u1ee3ng si\u00eau nh\u1eb9:<\/b> Thi\u1ebft k\u1ebf thanh m\u1ea3nh gi\u00fap gi\u1ea3m t\u1ed1i \u0111a \u00e1p l\u1ef1c l\u00ean s\u1ed1ng m\u0169i, mang l\u1ea1i c\u1ea3m gi\u00e1c &#8220;\u0111eo nh\u01b0 kh\u00f4ng \u0111eo&#8221;.<\/p>\n<\/li>\n<li>\n<p data-path-to-node=\"5,1,0\"><b data-path-to-node=\"5,1,0\" data-index-in-node=\"0\">\u0110\u1ed9 b\u1ec1n v\u01b0\u1ee3t tr\u1ed9i:<\/b> Khung kim lo\u1ea1i c\u00f3 kh\u1ea3 n\u0103ng ch\u1ed1ng g\u1ec9 s\u00e9t, gi\u1eef \u0111\u01b0\u1ee3c \u0111\u1ed9 s\u00e1ng b\u00f3ng v\u00e0 form d\u00e1ng \u1ed5n \u0111\u1ecbnh qua th\u1eddi gian d\u00e0i s\u1eed d\u1ee5ng.<\/p>\n<\/li>\n<li>\n<p data-path-to-node=\"5,2,0\"><b data-path-to-node=\"5,2,0\" data-index-in-node=\"0\">\u00cam \u00e1i tuy\u1ec7t \u0111\u1ed1i:<\/b> Ph\u1ea7n \u0111\u1ec7m m\u0169i silicon m\u1ec1m m\u1ea1i v\u00e0 c\u00e0ng k\u00ednh linh ho\u1ea1t, \u00f4m s\u00e1t khu\u00f4n m\u1eb7t m\u00e0 kh\u00f4ng g\u00e2y kh\u00f3 ch\u1ecbu.<\/p>\n<\/li>\n<\/ul>\n<h3 data-path-to-node=\"6\">3. B\u1ea3ng M\u00e0u Tinh T\u1ebf \u2013 Ph\u00f9 H\u1ee3p M\u1ecdi S\u1eafc Da<\/h3>\n<ul data-path-to-node=\"7\">\n<li>\n<p data-path-to-node=\"7,0,0\"><b data-path-to-node=\"7,0,0\" data-index-in-node=\"0\">\u0110en Truy\u1ec1n Th\u1ed1ng:<\/b> \u0110\u1eadm ch\u1ea5t tri th\u1ee9c, d\u1ec5 d\u00e0ng k\u1ebft h\u1ee3p v\u1edbi m\u1ecdi ki\u1ec3u trang ph\u1ee5c t\u1eeb \u0111i h\u1ecdc \u0111\u1ebfn \u0111i l\u00e0m.<\/p>\n<\/li>\n<li>\n<p data-path-to-node=\"7,1,0\"><b data-path-to-node=\"7,1,0\" data-index-in-node=\"0\">V\u00e0ng Kim (Gold):<\/b> Sang tr\u1ecdng, l\u00e0m s\u00e1ng b\u1eebng khu\u00f4n m\u1eb7t, mang l\u1ea1i v\u1ebb ngo\u00e0i l\u00e3ng t\u1eed v\u00e0 thanh l\u1ecbch.<\/p>\n<\/li>\n<li>\n<p data-path-to-node=\"7,2,0\"><b data-path-to-node=\"7,2,0\" data-index-in-node=\"0\">B\u1ea1c Th\u1eddi Th\u01b0\u1ee3ng:<\/b> Tr\u1ebb trung, n\u0103ng \u0111\u1ed9ng, c\u1ef1c k\u1ef3 t\u00f4n da v\u00e0 d\u1ec5 ph\u1ed1i c\u00f9ng c\u00e1c ph\u1ee5 ki\u1ec7n kim lo\u1ea1i kh\u00e1c.<\/p>\n<\/li>\n<\/ul>\n<h3 data-path-to-node=\"8\">4. Gi\u1ea3i Ph\u00e1p Ho\u00e0n H\u1ea3o Cho M\u1ecdi Khu\u00f4n M\u1eb7t<\/h3>\n<p data-path-to-node=\"9\">D\u00e1ng k\u00ednh tr\u00f2n c\u1ee7a HK2101 c\u00f3 kh\u1ea3 n\u0103ng c\u00e2n b\u1eb1ng \u0111\u01b0\u1eddng n\u00e9t g\u01b0\u01a1ng m\u1eb7t m\u1ed9t c\u00e1ch th\u1ea7n k\u1ef3:<\/p>\n<ul data-path-to-node=\"10\">\n<li>\n<p data-path-to-node=\"10,0,0\"><b data-path-to-node=\"10,0,0\" data-index-in-node=\"0\">M\u1eb7t vu\u00f4ng\/G\u00f3c c\u1ea1nh:<\/b> L\u00e0m m\u1ec1m m\u1ea1i c\u00e1c \u0111\u01b0\u1eddng n\u00e9t c\u1ee9ng c\u00e1p, t\u1ea1o s\u1ef1 h\u00e0i h\u00f2a v\u00e0 nh\u1eb9 nh\u00e0ng.<\/p>\n<\/li>\n<li>\n<p data-path-to-node=\"10,1,0\"><b data-path-to-node=\"10,1,0\" data-index-in-node=\"0\">M\u1eb7t tr\u00e1i xoan:<\/b> C\u00e0ng t\u00f4n l\u00ean v\u1ebb thanh t\u00fa v\u00e0 c\u00e2n \u0111\u1ed1i t\u1ef1 nhi\u00ean.<\/p>\n<\/li>\n<li>\n<p data-path-to-node=\"10,2,0\"><b data-path-to-node=\"10,2,0\" data-index-in-node=\"0\">M\u1eb7t d\u00e0i:<\/b> Gi\u00fap khu\u00f4n m\u1eb7t tr\u00f4ng \u0111\u1ea7y \u0111\u1eb7n v\u00e0 h\u00e0i h\u00f2a h\u01a1n.<\/p>\n<\/li>\n<\/ul>\n<h3 data-path-to-node=\"11\">5. T\u1ea1i Sao N\u00ean Ch\u1ecdn G\u1ecdng K\u00ednh HK2101 T\u1ea1i H\u1ebbm K\u00ednh?<\/h3>\n<ul data-path-to-node=\"12\">\n<li>\n<p data-path-to-node=\"12,0,0\">Ki\u1ec3u d\u00e1ng Retro kh\u00f4ng bao gi\u1edd l\u1ed7i m\u1ed1t, ph\u00f9 h\u1ee3p cho c\u1ea3 nam v\u00e0 n\u1eef.<\/p>\n<\/li>\n<li>\n<p data-path-to-node=\"12,1,0\">Ch\u1ea5t li\u1ec7u h\u1ee3p kim m\u1ea3nh nh\u01b0ng c\u1ef1c k\u1ef3 b\u1ec1n b\u1ec9 v\u00e0 ch\u1eafc ch\u1eafn.<\/p>\n<\/li>\n<li>\n<p data-path-to-node=\"12,2,0\">D\u1ecbch v\u1ee5 \u0111o m\u1eaft chuy\u00ean nghi\u1ec7p v\u00e0 h\u1ed7 tr\u1ee3 n\u1eafn ch\u1ec9nh g\u1ecdng tr\u1ecdn \u0111\u1eddi.<\/p>\n<\/li>\n<li>\n<p data-path-to-node=\"12,3,0\">M\u1ee9c gi\u00e1 c\u1ea1nh tranh \u0111i k\u00e8m h\u1ed9p \u0111\u1ef1ng v\u00e0 kh\u0103n lau cao c\u1ea5p.<\/p>\n<\/li>\n<\/ul>\n<h3 data-path-to-node=\"13\">6. Tr\u1ea3i Nghi\u1ec7m Phong C\u00e1ch Retro Ngay H\u00f4m Nay!<\/h3>\n<p data-path-to-node=\"14\">G\u1ecdng k\u00ednh HK2101 ch\u00ednh l\u00e0 m\u1ea3nh gh\u00e9p c\u00f2n thi\u1ebfu \u0111\u1ec3 ho\u00e0n thi\u1ec7n phong c\u00e1ch c\u00e1 nh\u00e2n c\u1ee7a b\u1ea1n. \u0110\u1eebng b\u1ecf l\u1ee1 c\u01a1 h\u1ed9i s\u1edf h\u1eefu m\u1eabu g\u1ecdng k\u00ednh &#8220;qu\u1ed1c d\u00e2n&#8221; n\u00e0y t\u1ea1i H\u1ebbm K\u00ednh \u0111\u1ec3 t\u1ef1 tin kh\u1eb3ng \u0111\u1ecbnh gu th\u1ea9m m\u1ef9 ri\u00eang bi\u1ec7t!<\/p>\n","protected":false},"excerpt":{"rendered":"<p>G\u1ecdng k\u00ednh tr\u00f2n thanh m\u1ea3nh, chu\u1ea9n gu tri th\u1ee9c. Thi\u1ebft k\u1ebf t\u1ed1i gi\u1ea3n gi\u00fap t\u00f4n vinh \u0111\u01b0\u1eddng n\u00e9t h\u00e0i h\u00f2a, s\u00e0nh \u0111i\u1ec7u cho m\u1ecdi outfit.<\/p>\n","protected":false},"featured_media":237,"comment_status":"open","ping_status":"closed","template":"","meta":[],"product_brand":[],"product_cat":[19],"product_tag":[],"class_list":{"0":"post-466","1":"product","2":"type-product","3":"status-publish","4":"has-post-thumbnail","6":"product_cat-gong-kinh","8":"first","9":"instock","10":"sale","11":"shipping-taxable","12":"purchasable","13":"product-type-variable","14":"has-default-attributes"},"yoast_head":"<!-- This site is optimized with the Yoast SEO plugin v26.9 - https:\/\/yoast.com\/product\/yoast-seo-wordpress\/ -->\n<title>G\u1ecdng K\u00ednh Tr\u00f2n RETRO - HK2101 - hemkinh<\/title>\n<meta name=\"description\" content=\"G\u1ecdng k\u00ednh tr\u00f2n \u0111en v\u00e0ng sang ch\u1ea3nh, thi\u1ebft k\u1ebf thanh m\u1ea3nh chu\u1ea9n gu GenZ. Ph\u1ee5 ki\u1ec7n ho\u00e0n h\u1ea3o t\u00f4n vinh n\u00e9t tri th\u1ee9c, gi\u00fap b\u1ea1n lu\u00f4n t\u1ef1 tin t\u1ecfa s\u00e1ng.\" \/>\n<meta name=\"robots\" content=\"index, follow, max-snippet:-1, max-image-preview:large, max-video-preview:-1\" \/>\n<link rel=\"canonical\" href=\"https:\/\/hemkinh.azdigi.shop\/index.php\/san-pham\/gong-kinh-tron\/\" \/>\n<meta property=\"og:locale\" content=\"vi_VN\" \/>\n<meta property=\"og:type\" content=\"article\" \/>\n<meta property=\"og:title\" content=\"G\u1ecdng K\u00ednh Tr\u00f2n RETRO - HK2101 - hemkinh\" \/>\n<meta property=\"og:description\" content=\"G\u1ecdng k\u00ednh tr\u00f2n \u0111en v\u00e0ng sang ch\u1ea3nh, thi\u1ebft k\u1ebf thanh m\u1ea3nh chu\u1ea9n gu GenZ. Ph\u1ee5 ki\u1ec7n ho\u00e0n h\u1ea3o t\u00f4n vinh n\u00e9t tri th\u1ee9c, gi\u00fap b\u1ea1n lu\u00f4n t\u1ef1 tin t\u1ecfa s\u00e1ng.\" \/>\n<meta property=\"og:url\" content=\"https:\/\/hemkinh.azdigi.shop\/index.php\/san-pham\/gong-kinh-tron\/\" \/>\n<meta property=\"og:site_name\" content=\"hemkinh\" \/>\n<meta property=\"article:modified_time\" content=\"2026-03-26T16:14:17+00:00\" \/>\n<meta property=\"og:image\" content=\"https:\/\/hemkinh.azdigi.shop\/wp-content\/uploads\/2026\/03\/7.jpg\" \/>\n\t<meta property=\"og:image:width\" content=\"736\" \/>\n\t<meta property=\"og:image:height\" content=\"980\" \/>\n\t<meta property=\"og:image:type\" content=\"image\/jpeg\" \/>\n<meta name=\"twitter:card\" content=\"summary_large_image\" \/>\n<meta name=\"twitter:label1\" content=\"\u01af\u1edbc t\u00ednh th\u1eddi gian \u0111\u1ecdc\" \/>\n\t<meta name=\"twitter:data1\" content=\"3 ph\u00fat\" \/>\n<script type=\"application\/ld+json\" class=\"yoast-schema-graph\">{\"@context\":\"https:\/\/schema.org\",\"@graph\":[{\"@type\":\"WebPage\",\"@id\":\"https:\/\/hemkinh.azdigi.shop\/index.php\/san-pham\/gong-kinh-tron\/\",\"url\":\"https:\/\/hemkinh.azdigi.shop\/index.php\/san-pham\/gong-kinh-tron\/\",\"name\":\"G\u1ecdng K\u00ednh Tr\u00f2n RETRO - HK2101 - hemkinh\",\"isPartOf\":{\"@id\":\"https:\/\/hemkinh.azdigi.shop\/#website\"},\"primaryImageOfPage\":{\"@id\":\"https:\/\/hemkinh.azdigi.shop\/index.php\/san-pham\/gong-kinh-tron\/#primaryimage\"},\"image\":{\"@id\":\"https:\/\/hemkinh.azdigi.shop\/index.php\/san-pham\/gong-kinh-tron\/#primaryimage\"},\"thumbnailUrl\":\"https:\/\/hemkinh.azdigi.shop\/wp-content\/uploads\/2026\/03\/7.jpg\",\"datePublished\":\"2026-03-22T11:35:45+00:00\",\"dateModified\":\"2026-03-26T16:14:17+00:00\",\"description\":\"G\u1ecdng k\u00ednh tr\u00f2n \u0111en v\u00e0ng sang ch\u1ea3nh, thi\u1ebft k\u1ebf thanh m\u1ea3nh chu\u1ea9n gu GenZ. Ph\u1ee5 ki\u1ec7n ho\u00e0n h\u1ea3o t\u00f4n vinh n\u00e9t tri th\u1ee9c, gi\u00fap b\u1ea1n lu\u00f4n t\u1ef1 tin t\u1ecfa s\u00e1ng.\",\"breadcrumb\":{\"@id\":\"https:\/\/hemkinh.azdigi.shop\/index.php\/san-pham\/gong-kinh-tron\/#breadcrumb\"},\"inLanguage\":\"vi\",\"potentialAction\":[{\"@type\":\"ReadAction\",\"target\":[\"https:\/\/hemkinh.azdigi.shop\/index.php\/san-pham\/gong-kinh-tron\/\"]}]},{\"@type\":\"ImageObject\",\"inLanguage\":\"vi\",\"@id\":\"https:\/\/hemkinh.azdigi.shop\/index.php\/san-pham\/gong-kinh-tron\/#primaryimage\",\"url\":\"https:\/\/hemkinh.azdigi.shop\/wp-content\/uploads\/2026\/03\/7.jpg\",\"contentUrl\":\"https:\/\/hemkinh.azdigi.shop\/wp-content\/uploads\/2026\/03\/7.jpg\",\"width\":736,\"height\":980},{\"@type\":\"BreadcrumbList\",\"@id\":\"https:\/\/hemkinh.azdigi.shop\/index.php\/san-pham\/gong-kinh-tron\/#breadcrumb\",\"itemListElement\":[{\"@type\":\"ListItem\",\"position\":1,\"name\":\"Trang ch\u1ee7\",\"item\":\"https:\/\/hemkinh.azdigi.shop\/\"},{\"@type\":\"ListItem\",\"position\":2,\"name\":\"B\u1ed9 s\u01b0u t\u1eadp\",\"item\":\"https:\/\/hemkinh.azdigi.shop\/?page_id=339\"},{\"@type\":\"ListItem\",\"position\":3,\"name\":\"G\u1ecdng K\u00ednh Tr\u00f2n RETRO &#8211; HK2101\"}]},{\"@type\":\"WebSite\",\"@id\":\"https:\/\/hemkinh.azdigi.shop\/#website\",\"url\":\"https:\/\/hemkinh.azdigi.shop\/\",\"name\":\"hemkinh\",\"description\":\"\",\"publisher\":{\"@id\":\"https:\/\/hemkinh.azdigi.shop\/#organization\"},\"potentialAction\":[{\"@type\":\"SearchAction\",\"target\":{\"@type\":\"EntryPoint\",\"urlTemplate\":\"https:\/\/hemkinh.azdigi.shop\/?s={search_term_string}\"},\"query-input\":{\"@type\":\"PropertyValueSpecification\",\"valueRequired\":true,\"valueName\":\"search_term_string\"}}],\"inLanguage\":\"vi\"},{\"@type\":\"Organization\",\"@id\":\"https:\/\/hemkinh.azdigi.shop\/#organization\",\"name\":\"hemkinh\",\"url\":\"https:\/\/hemkinh.azdigi.shop\/\",\"logo\":{\"@type\":\"ImageObject\",\"inLanguage\":\"vi\",\"@id\":\"https:\/\/hemkinh.azdigi.shop\/#\/schema\/logo\/image\/\",\"url\":\"https:\/\/hemkinh.azdigi.shop\/wp-content\/uploads\/2026\/03\/b6fc8f68-8452-4d6f-8f3e-038287a0aca6.png\",\"contentUrl\":\"https:\/\/hemkinh.azdigi.shop\/wp-content\/uploads\/2026\/03\/b6fc8f68-8452-4d6f-8f3e-038287a0aca6.png\",\"width\":1020,\"height\":680,\"caption\":\"hemkinh\"},\"image\":{\"@id\":\"https:\/\/hemkinh.azdigi.shop\/#\/schema\/logo\/image\/\"}}]}<\/script>\n<!-- \/ Yoast SEO plugin. -->","yoast_head_json":{"title":"G\u1ecdng K\u00ednh Tr\u00f2n RETRO - HK2101 - hemkinh","description":"G\u1ecdng k\u00ednh tr\u00f2n \u0111en v\u00e0ng sang ch\u1ea3nh, thi\u1ebft k\u1ebf thanh m\u1ea3nh chu\u1ea9n gu GenZ. Ph\u1ee5 ki\u1ec7n ho\u00e0n h\u1ea3o t\u00f4n vinh n\u00e9t tri th\u1ee9c, gi\u00fap b\u1ea1n lu\u00f4n t\u1ef1 tin t\u1ecfa s\u00e1ng.","robots":{"index":"index","follow":"follow","max-snippet":"max-snippet:-1","max-image-preview":"max-image-preview:large","max-video-preview":"max-video-preview:-1"},"canonical":"https:\/\/hemkinh.azdigi.shop\/index.php\/san-pham\/gong-kinh-tron\/","og_locale":"vi_VN","og_type":"article","og_title":"G\u1ecdng K\u00ednh Tr\u00f2n RETRO - HK2101 - hemkinh","og_description":"G\u1ecdng k\u00ednh tr\u00f2n \u0111en v\u00e0ng sang ch\u1ea3nh, thi\u1ebft k\u1ebf thanh m\u1ea3nh chu\u1ea9n gu GenZ. Ph\u1ee5 ki\u1ec7n ho\u00e0n h\u1ea3o t\u00f4n vinh n\u00e9t tri th\u1ee9c, gi\u00fap b\u1ea1n lu\u00f4n t\u1ef1 tin t\u1ecfa s\u00e1ng.","og_url":"https:\/\/hemkinh.azdigi.shop\/index.php\/san-pham\/gong-kinh-tron\/","og_site_name":"hemkinh","article_modified_time":"2026-03-26T16:14:17+00:00","og_image":[{"width":736,"height":980,"url":"https:\/\/hemkinh.azdigi.shop\/wp-content\/uploads\/2026\/03\/7.jpg","type":"image\/jpeg"}],"twitter_card":"summary_large_image","twitter_misc":{"\u01af\u1edbc t\u00ednh th\u1eddi gian \u0111\u1ecdc":"3 ph\u00fat"},"schema":{"@context":"https:\/\/schema.org","@graph":[{"@type":"WebPage","@id":"https:\/\/hemkinh.azdigi.shop\/index.php\/san-pham\/gong-kinh-tron\/","url":"https:\/\/hemkinh.azdigi.shop\/index.php\/san-pham\/gong-kinh-tron\/","name":"G\u1ecdng K\u00ednh Tr\u00f2n RETRO - HK2101 - hemkinh","isPartOf":{"@id":"https:\/\/hemkinh.azdigi.shop\/#website"},"primaryImageOfPage":{"@id":"https:\/\/hemkinh.azdigi.shop\/index.php\/san-pham\/gong-kinh-tron\/#primaryimage"},"image":{"@id":"https:\/\/hemkinh.azdigi.shop\/index.php\/san-pham\/gong-kinh-tron\/#primaryimage"},"thumbnailUrl":"https:\/\/hemkinh.azdigi.shop\/wp-content\/uploads\/2026\/03\/7.jpg","datePublished":"2026-03-22T11:35:45+00:00","dateModified":"2026-03-26T16:14:17+00:00","description":"G\u1ecdng k\u00ednh tr\u00f2n \u0111en v\u00e0ng sang ch\u1ea3nh, thi\u1ebft k\u1ebf thanh m\u1ea3nh chu\u1ea9n gu GenZ. Ph\u1ee5 ki\u1ec7n ho\u00e0n h\u1ea3o t\u00f4n vinh n\u00e9t tri th\u1ee9c, gi\u00fap b\u1ea1n lu\u00f4n t\u1ef1 tin t\u1ecfa s\u00e1ng.","breadcrumb":{"@id":"https:\/\/hemkinh.azdigi.shop\/index.php\/san-pham\/gong-kinh-tron\/#breadcrumb"},"inLanguage":"vi","potentialAction":[{"@type":"ReadAction","target":["https:\/\/hemkinh.azdigi.shop\/index.php\/san-pham\/gong-kinh-tron\/"]}]},{"@type":"ImageObject","inLanguage":"vi","@id":"https:\/\/hemkinh.azdigi.shop\/index.php\/san-pham\/gong-kinh-tron\/#primaryimage","url":"https:\/\/hemkinh.azdigi.shop\/wp-content\/uploads\/2026\/03\/7.jpg","contentUrl":"https:\/\/hemkinh.azdigi.shop\/wp-content\/uploads\/2026\/03\/7.jpg","width":736,"height":980},{"@type":"BreadcrumbList","@id":"https:\/\/hemkinh.azdigi.shop\/index.php\/san-pham\/gong-kinh-tron\/#breadcrumb","itemListElement":[{"@type":"ListItem","position":1,"name":"Trang ch\u1ee7","item":"https:\/\/hemkinh.azdigi.shop\/"},{"@type":"ListItem","position":2,"name":"B\u1ed9 s\u01b0u t\u1eadp","item":"https:\/\/hemkinh.azdigi.shop\/?page_id=339"},{"@type":"ListItem","position":3,"name":"G\u1ecdng K\u00ednh Tr\u00f2n RETRO &#8211; HK2101"}]},{"@type":"WebSite","@id":"https:\/\/hemkinh.azdigi.shop\/#website","url":"https:\/\/hemkinh.azdigi.shop\/","name":"hemkinh","description":"","publisher":{"@id":"https:\/\/hemkinh.azdigi.shop\/#organization"},"potentialAction":[{"@type":"SearchAction","target":{"@type":"EntryPoint","urlTemplate":"https:\/\/hemkinh.azdigi.shop\/?s={search_term_string}"},"query-input":{"@type":"PropertyValueSpecification","valueRequired":true,"valueName":"search_term_string"}}],"inLanguage":"vi"},{"@type":"Organization","@id":"https:\/\/hemkinh.azdigi.shop\/#organization","name":"hemkinh","url":"https:\/\/hemkinh.azdigi.shop\/","logo":{"@type":"ImageObject","inLanguage":"vi","@id":"https:\/\/hemkinh.azdigi.shop\/#\/schema\/logo\/image\/","url":"https:\/\/hemkinh.azdigi.shop\/wp-content\/uploads\/2026\/03\/b6fc8f68-8452-4d6f-8f3e-038287a0aca6.png","contentUrl":"https:\/\/hemkinh.azdigi.shop\/wp-content\/uploads\/2026\/03\/b6fc8f68-8452-4d6f-8f3e-038287a0aca6.png","width":1020,"height":680,"caption":"hemkinh"},"image":{"@id":"https:\/\/hemkinh.azdigi.shop\/#\/schema\/logo\/image\/"}}]}},"_links":{"self":[{"href":"https:\/\/hemkinh.azdigi.shop\/index.php?rest_route=\/wp\/v2\/product\/466","targetHints":{"allow":["GET"]}}],"collection":[{"href":"https:\/\/hemkinh.azdigi.shop\/index.php?rest_route=\/wp\/v2\/product"}],"about":[{"href":"https:\/\/hemkinh.azdigi.shop\/index.php?rest_route=\/wp\/v2\/types\/product"}],"replies":[{"embeddable":true,"href":"https:\/\/hemkinh.azdigi.shop\/index.php?rest_route=%2Fwp%2Fv2%2Fcomments&post=466"}],"wp:featuredmedia":[{"embeddable":true,"href":"https:\/\/hemkinh.azdigi.shop\/index.php?rest_route=\/wp\/v2\/media\/237"}],"wp:attachment":[{"href":"https:\/\/hemkinh.azdigi.shop\/index.php?rest_route=%2Fwp%2Fv2%2Fmedia&parent=466"}],"wp:term":[{"taxonomy":"product_brand","embeddable":true,"href":"https:\/\/hemkinh.azdigi.shop\/index.php?rest_route=%2Fwp%2Fv2%2Fproduct_brand&post=466"},{"taxonomy":"product_cat","embeddable":true,"href":"https:\/\/hemkinh.azdigi.shop\/index.php?rest_route=%2Fwp%2Fv2%2Fproduct_cat&post=466"},{"taxonomy":"product_tag","embeddable":true,"href":"https:\/\/hemkinh.azdigi.shop\/index.php?rest_route=%2Fwp%2Fv2%2Fproduct_tag&post=466"}],"curies":[{"name":"wp","href":"https:\/\/api.w.org\/{rel}","templated":true}]}}