{"id":514,"date":"2026-03-22T23:34:40","date_gmt":"2026-03-22T16:34:40","guid":{"rendered":"https:\/\/hemkinh.azdigi.shop\/?post_type=product&#038;p=514"},"modified":"2026-04-08T18:09:59","modified_gmt":"2026-04-08T11:09:59","slug":"kinh-mat-chong-tia-uv-hk5099","status":"publish","type":"product","link":"https:\/\/hemkinh.azdigi.shop\/?product=kinh-mat-chong-tia-uv-hk5099","title":{"rendered":"Sun Wave &#8211; HK5099"},"content":{"rendered":"<h2 data-path-to-node=\"0\"><strong>\ud83d\ude0eSun Wave HK5099 \u2013 Th\u1eddi Th\u01b0\u1ee3ng, B\u1ea3o V\u1ec7 T\u1ed1i \u0110a<\/strong><\/h2>\n<p data-path-to-node=\"1\">HK5099 s\u1edf h\u1eefu thi\u1ebft k\u1ebf \u0111a gi\u00e1c hi\u1ec7n \u0111\u1ea1i, mang \u0111\u1ebfn v\u1ebb ngo\u00e0i s\u00e0nh \u0111i\u1ec7u v\u00e0 c\u1ef1c k\u1ef3 h\u00fat m\u1eaft. V\u1edbi tr\u00f2ng k\u00ednh ch\u1ed1ng tia UV cao c\u1ea5p, m\u1eabu k\u00ednh n\u00e0y kh\u00f4ng ch\u1ec9 l\u00e0 ph\u1ee5 ki\u1ec7n th\u1eddi trang \u0111\u1eb3ng c\u1ea5p m\u00e0 c\u00f2n l\u00e0 &#8220;l\u00e1 ch\u1eafn&#8221; ho\u00e0n h\u1ea3o b\u1ea3o v\u1ec7 \u0111\u00f4i m\u1eaft b\u1ea1n d\u01b0\u1edbi \u00e1nh n\u1eafng gay g\u1eaft.<\/p>\n<p data-path-to-node=\"2\"><b data-path-to-node=\"2\" data-index-in-node=\"0\">M\u00f4 t\u1ea3 chi ti\u1ebft:<\/b><\/p>\n<ul data-path-to-node=\"3\">\n<li>\n<p data-path-to-node=\"3,0,0\"><b data-path-to-node=\"3,0,0\" data-index-in-node=\"0\">M\u00e0u s\u1eafc:<\/b> \u0110en, n\u00e2u, tr\u00f2ng \u0111\u1ed5i m\u00e0u<\/p>\n<\/li>\n<li>\n<p data-path-to-node=\"3,1,0\"><b data-path-to-node=\"3,1,0\" data-index-in-node=\"0\">Ch\u1ea5t li\u1ec7u:<\/b> H\u1ee3p kim cao c\u1ea5p k\u1ebft h\u1ee3p tr\u00f2ng Polycarbonate ch\u1ed1ng ch\u00f3i, ch\u1ed1ng tr\u1ea7y x\u01b0\u1edbc.<\/p>\n<\/li>\n<li>\n<p data-path-to-node=\"3,2,0\"><b data-path-to-node=\"3,2,0\" data-index-in-node=\"0\">D\u00e1ng k\u00ednh:<\/b> \u0110a gi\u00e1c g\u00f3c c\u1ea1nh tinh t\u1ebf, t\u1ea1o \u0111i\u1ec3m nh\u1ea5n ph\u00e1 c\u00e1ch cho khu\u00f4n m\u1eb7t.<\/p>\n<\/li>\n<li>\n<p data-path-to-node=\"3,3,0\"><b data-path-to-node=\"3,3,0\" data-index-in-node=\"0\">C\u00f4ng ngh\u1ec7:<\/b> Ch\u1ed1ng tia UV400 tuy\u1ec7t \u0111\u1ed1i, b\u1ea3o v\u1ec7 v\u00f5ng m\u1ea1c v\u00e0 gi\u1ea3m m\u1ecfi m\u1eaft khi \u0111i n\u1eafng.<\/p>\n<\/li>\n<li>\n<p data-path-to-node=\"3,4,0\"><b data-path-to-node=\"3,4,0\" data-index-in-node=\"0\">D\u00e1ng m\u1eb7t ph\u00f9 h\u1ee3p:<\/b> M\u1eb7t tr\u00f2n, m\u1eb7t tr\u00e1i xoan, gi\u00fap g\u01b0\u01a1ng m\u1eb7t tr\u00f4ng thon g\u1ecdn v\u00e0 s\u1eafc s\u1ea3o h\u01a1n.<\/p>\n<\/li>\n<\/ul>\n<p data-path-to-node=\"0\">&gt;&gt; HK5099 mang \u0111\u1ebfn tr\u1ea3i nghi\u1ec7m ho\u00e0n to\u00e0n m\u1edbi, b\u1ea3o v\u1ec7 \u0111\u00f4i m\u1eaft v\u00e0 n\u00e2ng t\u1ea7m phong c\u00e1ch. S\u1ea3n ph\u1ea9m \u0111ang s\u1eb5n k\u1ec7 t\u1ea1i H\u1ebbm K\u00ednh v\u1edbi nhi\u1ec1u \u01b0u \u0111\u00e3i h\u1ea5p d\u1eabn. H\u00e3y nh\u1eafn tin ngay \u0111\u1ec3 \u0111\u01b0\u1ee3c t\u01b0 v\u1ea5n \u0111o m\u1eaft v\u00e0 c\u1eaft k\u00ednh. Ch\u00fang m\u00ecnh lu\u00f4n s\u1eb5n s\u00e0ng gi\u00fap b\u1ea1n t\u00ecm ra m\u1eabu k\u00ednh \u01b0ng \u00fd nh\u1ea5t. \u0110\u1eebng b\u1ecf l\u1ee1 c\u01a1 h\u1ed9i t\u1ecfa s\u00e1ng c\u00f9ng ph\u1ee5 ki\u1ec7n th\u1eddi th\u01b0\u1ee3ng n\u00e0y nh\u00e9!<\/p>\n","protected":false},"excerpt":{"rendered":"<p data-path-to-node=\"0\">Ch\u1ea5t li\u1ec7u nh\u1ef1a nguy\u00ean kh\u1ed1i cao c\u1ea5p nay k\u1ebft h\u1ee3p c\u00f9ng tr\u00f2ng k\u00ednh ch\u1ed1ng tia UV b\u1ea3o v\u1ec7 m\u1eaft t\u1ed1i \u01b0u.<\/p>\n<p data-path-to-node=\"1\">K\u00ednh m\u00e1t HK5099 d\u00e1ng \u0111a gi\u00e1c c\u00e1 t\u00ednh c\u00f3 \u0111i\u1ec3m nh\u1ea5n n\u1ed5i b\u1eadt n\u1eb1m \u1edf thi\u1ebft k\u1ebf khung vi\u1ec1n th\u1eddi th\u01b0\u1ee3ng. Form d\u00e1ng \u0111\u1ed9c \u0111\u00e1o v\u00e0 s\u00e0nh \u0111i\u1ec7u, th\u00edch h\u1ee3p l\u00e0m m\u1edbi v\u1ebb ngo\u00e0i c\u1ee7a ng\u01b0\u1eddi s\u1eed d\u1ee5ng d\u01b0\u1edbi n\u1eafng.<\/p>\n","protected":false},"featured_media":787,"comment_status":"open","ping_status":"closed","template":"","meta":[],"product_brand":[38],"product_cat":[20],"product_tag":[],"class_list":{"0":"post-514","1":"product","2":"type-product","3":"status-publish","4":"has-post-thumbnail","6":"product_brand-eye-plus","7":"product_cat-kinh-mat","9":"first","10":"instock","11":"sale","12":"shipping-taxable","13":"purchasable","14":"product-type-variable"},"yoast_head":"<!-- This site is optimized with the Yoast SEO plugin v26.9 - https:\/\/yoast.com\/product\/yoast-seo-wordpress\/ -->\n<title>Sun Wave - HK5099 - hemkinh<\/title>\n<meta name=\"description\" content=\"K\u00ednh m\u00e1t ch\u1ed1ng tia UV HK5099 d\u00e1ng \u0111a gi\u00e1c s\u00e0nh \u0111i\u1ec7u, tr\u00f2ng ch\u1ed1ng tia UV400 b\u1ea3o v\u1ec7 m\u1eaft t\u1ed1i \u01b0u. Ph\u1ee5 ki\u1ec7n th\u1eddi th\u01b0\u1ee3ng t\u00f4n vinh \u0111\u01b0\u1eddng n\u00e9t g\u01b0\u01a1ng m\u1eb7t c\u00e1 t\u00ednh.\" \/>\n<meta name=\"robots\" content=\"index, follow, max-snippet:-1, max-image-preview:large, max-video-preview:-1\" \/>\n<link rel=\"canonical\" href=\"https:\/\/hemkinh.azdigi.shop\/index.php\/san-pham\/kinh-mat-chong-tia-uv-hk5099\/\" \/>\n<meta property=\"og:locale\" content=\"vi_VN\" \/>\n<meta property=\"og:type\" content=\"article\" \/>\n<meta property=\"og:title\" content=\"Sun Wave - HK5099 - hemkinh\" \/>\n<meta property=\"og:description\" content=\"K\u00ednh m\u00e1t ch\u1ed1ng tia UV HK5099 d\u00e1ng \u0111a gi\u00e1c s\u00e0nh \u0111i\u1ec7u, tr\u00f2ng ch\u1ed1ng tia UV400 b\u1ea3o v\u1ec7 m\u1eaft t\u1ed1i \u01b0u. Ph\u1ee5 ki\u1ec7n th\u1eddi th\u01b0\u1ee3ng t\u00f4n vinh \u0111\u01b0\u1eddng n\u00e9t g\u01b0\u01a1ng m\u1eb7t c\u00e1 t\u00ednh.\" \/>\n<meta property=\"og:url\" content=\"https:\/\/hemkinh.azdigi.shop\/index.php\/san-pham\/kinh-mat-chong-tia-uv-hk5099\/\" \/>\n<meta property=\"og:site_name\" content=\"hemkinh\" \/>\n<meta property=\"article:modified_time\" content=\"2026-04-08T11:09:59+00:00\" \/>\n<meta property=\"og:image\" content=\"https:\/\/hemkinh.azdigi.shop\/wp-content\/uploads\/2026\/03\/IMG_2119.jpg\" \/>\n\t<meta property=\"og:image:width\" content=\"1000\" \/>\n\t<meta property=\"og:image:height\" content=\"1000\" \/>\n\t<meta property=\"og:image:type\" content=\"image\/jpeg\" \/>\n<meta name=\"twitter:card\" content=\"summary_large_image\" \/>\n<meta name=\"twitter:label1\" content=\"\u01af\u1edbc t\u00ednh th\u1eddi gian \u0111\u1ecdc\" \/>\n\t<meta name=\"twitter:data1\" content=\"2 ph\u00fat\" \/>\n<script type=\"application\/ld+json\" class=\"yoast-schema-graph\">{\"@context\":\"https:\/\/schema.org\",\"@graph\":[{\"@type\":\"WebPage\",\"@id\":\"https:\/\/hemkinh.azdigi.shop\/index.php\/san-pham\/kinh-mat-chong-tia-uv-hk5099\/\",\"url\":\"https:\/\/hemkinh.azdigi.shop\/index.php\/san-pham\/kinh-mat-chong-tia-uv-hk5099\/\",\"name\":\"Sun Wave - HK5099 - hemkinh\",\"isPartOf\":{\"@id\":\"https:\/\/hemkinh.azdigi.shop\/#website\"},\"primaryImageOfPage\":{\"@id\":\"https:\/\/hemkinh.azdigi.shop\/index.php\/san-pham\/kinh-mat-chong-tia-uv-hk5099\/#primaryimage\"},\"image\":{\"@id\":\"https:\/\/hemkinh.azdigi.shop\/index.php\/san-pham\/kinh-mat-chong-tia-uv-hk5099\/#primaryimage\"},\"thumbnailUrl\":\"https:\/\/hemkinh.azdigi.shop\/wp-content\/uploads\/2026\/03\/IMG_2119.jpg\",\"datePublished\":\"2026-03-22T16:34:40+00:00\",\"dateModified\":\"2026-04-08T11:09:59+00:00\",\"description\":\"K\u00ednh m\u00e1t ch\u1ed1ng tia UV HK5099 d\u00e1ng \u0111a gi\u00e1c s\u00e0nh \u0111i\u1ec7u, tr\u00f2ng ch\u1ed1ng tia UV400 b\u1ea3o v\u1ec7 m\u1eaft t\u1ed1i \u01b0u. Ph\u1ee5 ki\u1ec7n th\u1eddi th\u01b0\u1ee3ng t\u00f4n vinh \u0111\u01b0\u1eddng n\u00e9t g\u01b0\u01a1ng m\u1eb7t c\u00e1 t\u00ednh.\",\"breadcrumb\":{\"@id\":\"https:\/\/hemkinh.azdigi.shop\/index.php\/san-pham\/kinh-mat-chong-tia-uv-hk5099\/#breadcrumb\"},\"inLanguage\":\"vi\",\"potentialAction\":[{\"@type\":\"ReadAction\",\"target\":[\"https:\/\/hemkinh.azdigi.shop\/index.php\/san-pham\/kinh-mat-chong-tia-uv-hk5099\/\"]}]},{\"@type\":\"ImageObject\",\"inLanguage\":\"vi\",\"@id\":\"https:\/\/hemkinh.azdigi.shop\/index.php\/san-pham\/kinh-mat-chong-tia-uv-hk5099\/#primaryimage\",\"url\":\"https:\/\/hemkinh.azdigi.shop\/wp-content\/uploads\/2026\/03\/IMG_2119.jpg\",\"contentUrl\":\"https:\/\/hemkinh.azdigi.shop\/wp-content\/uploads\/2026\/03\/IMG_2119.jpg\",\"width\":1000,\"height\":1000},{\"@type\":\"BreadcrumbList\",\"@id\":\"https:\/\/hemkinh.azdigi.shop\/index.php\/san-pham\/kinh-mat-chong-tia-uv-hk5099\/#breadcrumb\",\"itemListElement\":[{\"@type\":\"ListItem\",\"position\":1,\"name\":\"Trang ch\u1ee7\",\"item\":\"https:\/\/hemkinh.azdigi.shop\/\"},{\"@type\":\"ListItem\",\"position\":2,\"name\":\"B\u1ed9 s\u01b0u t\u1eadp\",\"item\":\"https:\/\/hemkinh.azdigi.shop\/?page_id=339\"},{\"@type\":\"ListItem\",\"position\":3,\"name\":\"Sun Wave &#8211; HK5099\"}]},{\"@type\":\"WebSite\",\"@id\":\"https:\/\/hemkinh.azdigi.shop\/#website\",\"url\":\"https:\/\/hemkinh.azdigi.shop\/\",\"name\":\"hemkinh\",\"description\":\"\",\"publisher\":{\"@id\":\"https:\/\/hemkinh.azdigi.shop\/#organization\"},\"potentialAction\":[{\"@type\":\"SearchAction\",\"target\":{\"@type\":\"EntryPoint\",\"urlTemplate\":\"https:\/\/hemkinh.azdigi.shop\/?s={search_term_string}\"},\"query-input\":{\"@type\":\"PropertyValueSpecification\",\"valueRequired\":true,\"valueName\":\"search_term_string\"}}],\"inLanguage\":\"vi\"},{\"@type\":\"Organization\",\"@id\":\"https:\/\/hemkinh.azdigi.shop\/#organization\",\"name\":\"hemkinh\",\"url\":\"https:\/\/hemkinh.azdigi.shop\/\",\"logo\":{\"@type\":\"ImageObject\",\"inLanguage\":\"vi\",\"@id\":\"https:\/\/hemkinh.azdigi.shop\/#\/schema\/logo\/image\/\",\"url\":\"https:\/\/hemkinh.azdigi.shop\/wp-content\/uploads\/2026\/03\/b6fc8f68-8452-4d6f-8f3e-038287a0aca6.png\",\"contentUrl\":\"https:\/\/hemkinh.azdigi.shop\/wp-content\/uploads\/2026\/03\/b6fc8f68-8452-4d6f-8f3e-038287a0aca6.png\",\"width\":1020,\"height\":680,\"caption\":\"hemkinh\"},\"image\":{\"@id\":\"https:\/\/hemkinh.azdigi.shop\/#\/schema\/logo\/image\/\"}}]}<\/script>\n<!-- \/ Yoast SEO plugin. -->","yoast_head_json":{"title":"Sun Wave - HK5099 - hemkinh","description":"K\u00ednh m\u00e1t ch\u1ed1ng tia UV HK5099 d\u00e1ng \u0111a gi\u00e1c s\u00e0nh \u0111i\u1ec7u, tr\u00f2ng ch\u1ed1ng tia UV400 b\u1ea3o v\u1ec7 m\u1eaft t\u1ed1i \u01b0u. Ph\u1ee5 ki\u1ec7n th\u1eddi th\u01b0\u1ee3ng t\u00f4n vinh \u0111\u01b0\u1eddng n\u00e9t g\u01b0\u01a1ng m\u1eb7t c\u00e1 t\u00ednh.","robots":{"index":"index","follow":"follow","max-snippet":"max-snippet:-1","max-image-preview":"max-image-preview:large","max-video-preview":"max-video-preview:-1"},"canonical":"https:\/\/hemkinh.azdigi.shop\/index.php\/san-pham\/kinh-mat-chong-tia-uv-hk5099\/","og_locale":"vi_VN","og_type":"article","og_title":"Sun Wave - HK5099 - hemkinh","og_description":"K\u00ednh m\u00e1t ch\u1ed1ng tia UV HK5099 d\u00e1ng \u0111a gi\u00e1c s\u00e0nh \u0111i\u1ec7u, tr\u00f2ng ch\u1ed1ng tia UV400 b\u1ea3o v\u1ec7 m\u1eaft t\u1ed1i \u01b0u. Ph\u1ee5 ki\u1ec7n th\u1eddi th\u01b0\u1ee3ng t\u00f4n vinh \u0111\u01b0\u1eddng n\u00e9t g\u01b0\u01a1ng m\u1eb7t c\u00e1 t\u00ednh.","og_url":"https:\/\/hemkinh.azdigi.shop\/index.php\/san-pham\/kinh-mat-chong-tia-uv-hk5099\/","og_site_name":"hemkinh","article_modified_time":"2026-04-08T11:09:59+00:00","og_image":[{"width":1000,"height":1000,"url":"https:\/\/hemkinh.azdigi.shop\/wp-content\/uploads\/2026\/03\/IMG_2119.jpg","type":"image\/jpeg"}],"twitter_card":"summary_large_image","twitter_misc":{"\u01af\u1edbc t\u00ednh th\u1eddi gian \u0111\u1ecdc":"2 ph\u00fat"},"schema":{"@context":"https:\/\/schema.org","@graph":[{"@type":"WebPage","@id":"https:\/\/hemkinh.azdigi.shop\/index.php\/san-pham\/kinh-mat-chong-tia-uv-hk5099\/","url":"https:\/\/hemkinh.azdigi.shop\/index.php\/san-pham\/kinh-mat-chong-tia-uv-hk5099\/","name":"Sun Wave - HK5099 - hemkinh","isPartOf":{"@id":"https:\/\/hemkinh.azdigi.shop\/#website"},"primaryImageOfPage":{"@id":"https:\/\/hemkinh.azdigi.shop\/index.php\/san-pham\/kinh-mat-chong-tia-uv-hk5099\/#primaryimage"},"image":{"@id":"https:\/\/hemkinh.azdigi.shop\/index.php\/san-pham\/kinh-mat-chong-tia-uv-hk5099\/#primaryimage"},"thumbnailUrl":"https:\/\/hemkinh.azdigi.shop\/wp-content\/uploads\/2026\/03\/IMG_2119.jpg","datePublished":"2026-03-22T16:34:40+00:00","dateModified":"2026-04-08T11:09:59+00:00","description":"K\u00ednh m\u00e1t ch\u1ed1ng tia UV HK5099 d\u00e1ng \u0111a gi\u00e1c s\u00e0nh \u0111i\u1ec7u, tr\u00f2ng ch\u1ed1ng tia UV400 b\u1ea3o v\u1ec7 m\u1eaft t\u1ed1i \u01b0u. Ph\u1ee5 ki\u1ec7n th\u1eddi th\u01b0\u1ee3ng t\u00f4n vinh \u0111\u01b0\u1eddng n\u00e9t g\u01b0\u01a1ng m\u1eb7t c\u00e1 t\u00ednh.","breadcrumb":{"@id":"https:\/\/hemkinh.azdigi.shop\/index.php\/san-pham\/kinh-mat-chong-tia-uv-hk5099\/#breadcrumb"},"inLanguage":"vi","potentialAction":[{"@type":"ReadAction","target":["https:\/\/hemkinh.azdigi.shop\/index.php\/san-pham\/kinh-mat-chong-tia-uv-hk5099\/"]}]},{"@type":"ImageObject","inLanguage":"vi","@id":"https:\/\/hemkinh.azdigi.shop\/index.php\/san-pham\/kinh-mat-chong-tia-uv-hk5099\/#primaryimage","url":"https:\/\/hemkinh.azdigi.shop\/wp-content\/uploads\/2026\/03\/IMG_2119.jpg","contentUrl":"https:\/\/hemkinh.azdigi.shop\/wp-content\/uploads\/2026\/03\/IMG_2119.jpg","width":1000,"height":1000},{"@type":"BreadcrumbList","@id":"https:\/\/hemkinh.azdigi.shop\/index.php\/san-pham\/kinh-mat-chong-tia-uv-hk5099\/#breadcrumb","itemListElement":[{"@type":"ListItem","position":1,"name":"Trang ch\u1ee7","item":"https:\/\/hemkinh.azdigi.shop\/"},{"@type":"ListItem","position":2,"name":"B\u1ed9 s\u01b0u t\u1eadp","item":"https:\/\/hemkinh.azdigi.shop\/?page_id=339"},{"@type":"ListItem","position":3,"name":"Sun Wave &#8211; HK5099"}]},{"@type":"WebSite","@id":"https:\/\/hemkinh.azdigi.shop\/#website","url":"https:\/\/hemkinh.azdigi.shop\/","name":"hemkinh","description":"","publisher":{"@id":"https:\/\/hemkinh.azdigi.shop\/#organization"},"potentialAction":[{"@type":"SearchAction","target":{"@type":"EntryPoint","urlTemplate":"https:\/\/hemkinh.azdigi.shop\/?s={search_term_string}"},"query-input":{"@type":"PropertyValueSpecification","valueRequired":true,"valueName":"search_term_string"}}],"inLanguage":"vi"},{"@type":"Organization","@id":"https:\/\/hemkinh.azdigi.shop\/#organization","name":"hemkinh","url":"https:\/\/hemkinh.azdigi.shop\/","logo":{"@type":"ImageObject","inLanguage":"vi","@id":"https:\/\/hemkinh.azdigi.shop\/#\/schema\/logo\/image\/","url":"https:\/\/hemkinh.azdigi.shop\/wp-content\/uploads\/2026\/03\/b6fc8f68-8452-4d6f-8f3e-038287a0aca6.png","contentUrl":"https:\/\/hemkinh.azdigi.shop\/wp-content\/uploads\/2026\/03\/b6fc8f68-8452-4d6f-8f3e-038287a0aca6.png","width":1020,"height":680,"caption":"hemkinh"},"image":{"@id":"https:\/\/hemkinh.azdigi.shop\/#\/schema\/logo\/image\/"}}]}},"_links":{"self":[{"href":"https:\/\/hemkinh.azdigi.shop\/index.php?rest_route=\/wp\/v2\/product\/514","targetHints":{"allow":["GET"]}}],"collection":[{"href":"https:\/\/hemkinh.azdigi.shop\/index.php?rest_route=\/wp\/v2\/product"}],"about":[{"href":"https:\/\/hemkinh.azdigi.shop\/index.php?rest_route=\/wp\/v2\/types\/product"}],"replies":[{"embeddable":true,"href":"https:\/\/hemkinh.azdigi.shop\/index.php?rest_route=%2Fwp%2Fv2%2Fcomments&post=514"}],"wp:featuredmedia":[{"embeddable":true,"href":"https:\/\/hemkinh.azdigi.shop\/index.php?rest_route=\/wp\/v2\/media\/787"}],"wp:attachment":[{"href":"https:\/\/hemkinh.azdigi.shop\/index.php?rest_route=%2Fwp%2Fv2%2Fmedia&parent=514"}],"wp:term":[{"taxonomy":"product_brand","embeddable":true,"href":"https:\/\/hemkinh.azdigi.shop\/index.php?rest_route=%2Fwp%2Fv2%2Fproduct_brand&post=514"},{"taxonomy":"product_cat","embeddable":true,"href":"https:\/\/hemkinh.azdigi.shop\/index.php?rest_route=%2Fwp%2Fv2%2Fproduct_cat&post=514"},{"taxonomy":"product_tag","embeddable":true,"href":"https:\/\/hemkinh.azdigi.shop\/index.php?rest_route=%2Fwp%2Fv2%2Fproduct_tag&post=514"}],"curies":[{"name":"wp","href":"https:\/\/api.w.org\/{rel}","templated":true}]}}