{"id":719,"date":"2026-03-31T21:27:21","date_gmt":"2026-03-31T14:27:21","guid":{"rendered":"https:\/\/hemkinh.azdigi.shop\/?post_type=product&#038;p=719"},"modified":"2026-03-31T22:47:52","modified_gmt":"2026-03-31T15:47:52","slug":"seed-eye-coffret-1day-uv-natural-make","status":"publish","type":"product","link":"https:\/\/hemkinh.azdigi.shop\/?product=seed-eye-coffret-1day-uv-natural-make","title":{"rendered":"Seed Eye Coffret 1Day UV Natural Make"},"content":{"rendered":"<h2><strong>\ud83d\udc41\ufe0fSeed Eye Coffret 1Day UV Natural Make &#8211; K\u00ednh \u00c1p Tr\u00f2ng C\u1eadn 0-4 \u0110\u1ed9<\/strong><\/h2>\n<p>Seed Eye Coffret 1Day UV Natural Make t\u00f4n vinh n\u00e9t \u0111\u1eb9p t\u1ef1 nhi\u00ean. Thi\u1ebft k\u1ebf v\u00e2n ren m\u00e0u n\u00e2u \u1ea5m h\u00f2a quy\u1ec7n ho\u00e0n h\u1ea3o v\u1edbi s\u1eafc t\u1ed1 m\u1eaft. \u0110\u00f4i m\u1eaft b\u1ea1n s\u1ebd tr\u1edf n\u00ean long lanh, to tr\u00f2n v\u00e0 \u0111\u1ea7y s\u1ee9c s\u1ed1ng. \u0110\u00e2y l\u00e0 b\u00ed quy\u1ebft cho v\u1ebb ngo\u00e0i r\u1ea1ng r\u1ee1 nh\u01b0ng kh\u00f4ng h\u1ec1 ph\u00f4 tr\u01b0\u01a1ng. S\u1ea3n ph\u1ea9m t\u00edch h\u1ee3p l\u1edbp m\u00e0ng ch\u1ed1ng tia UV b\u1ea3o v\u1ec7 m\u1eaft t\u1ed1i \u01b0u. Thi\u1ebft k\u1ebf si\u00eau m\u1ecfng gi\u00fap trao \u0111\u1ed5i oxy d\u1ec5 d\u00e0ng, gi\u1ea3m thi\u1ec3u t\u00ecnh tr\u1ea1ng m\u1ecfi m\u1eaft. Th\u00e0nh ph\u1ea7n gi\u1eef \u1ea9m v\u01b0\u1ee3t tr\u1ed9i gi\u00fap \u0111\u00f4i m\u1eaft lu\u00f4n m\u01b0\u1ee3t m\u00e0 su\u1ed1t c\u1ea3 ng\u00e0y. B\u1ea1n c\u00f3 th\u1ec3 t\u1ef1 tin ho\u1ea1t \u0111\u1ed9ng t\u1eeb s\u00e1ng s\u1edbm \u0111\u1ebfn t\u1eadn \u0111\u00eam mu\u1ed9n.<\/p>\n<div data-page-id=\"WkeJdKyoDoGQHzx6CBmlwAGMg4c\" data-lark-html-role=\"root\" data-docx-has-block-data=\"false\">\n<h4 class=\"ace-line ace-line old-record-id-CJpndjsu5odw88xIsjul5Eyjgrd\"><strong>Th\u00f4ng tin s\u1ea3n ph\u1ea9m:<\/strong><\/h4>\n<div class=\"ace-line ace-line old-record-id-O6AxdHLtFo0PAhxFairli9UKgZb\">\u0110\u1ed9 gi\u00e3n tr\u00f2ng:\u00a014.0mm<\/div>\n<div><\/div>\n<div class=\"ace-line ace-line old-record-id-FYUIdrebioi3K3xbyU8lWzlFgxg\">Natural Make: m\u1ecfng nh\u1eb9, t\u1ef1 nhi\u00ean, cu\u1ed1n h\u00fat.<\/div>\n<div>\n<ul class=\"list-bullet1\">\n<li class=\"ace-line ace-line old-record-id-BuHUdbsJSorTKix2CL9lZNcrgMe\" data-list=\"bullet\">\n<div>\u0110\u01b0\u1eddng k\u00ednh v\u00f2ng in m\u00e0u trong: 7.0mm<\/div>\n<\/li>\n<li class=\"ace-line ace-line old-record-id-HP5odlX5zoYAZex1evRl7i9wgFg\" data-list=\"bullet\">\n<div>\u0110\u01b0\u1eddng k\u00ednh v\u00f2ng in m\u00e0u ngo\u00e0i: 13.0mm<\/div>\n<\/li>\n<\/ul>\n<\/div>\n<\/div>\n<div>\n<p><img loading=\"lazy\" decoding=\"async\" class=\" wp-image-721 aligncenter\" src=\"https:\/\/hemkinh.azdigi.shop\/wp-content\/uploads\/2026\/03\/natural-300x300.webp\" alt=\"\" width=\"643\" height=\"643\" srcset=\"https:\/\/hemkinh.azdigi.shop\/wp-content\/uploads\/2026\/03\/natural-300x300.webp 300w, https:\/\/hemkinh.azdigi.shop\/wp-content\/uploads\/2026\/03\/natural-150x150.webp 150w, https:\/\/hemkinh.azdigi.shop\/wp-content\/uploads\/2026\/03\/natural-768x768.webp 768w, https:\/\/hemkinh.azdigi.shop\/wp-content\/uploads\/2026\/03\/natural-600x600.webp 600w, https:\/\/hemkinh.azdigi.shop\/wp-content\/uploads\/2026\/03\/natural-100x100.webp 100w, https:\/\/hemkinh.azdigi.shop\/wp-content\/uploads\/2026\/03\/natural.webp 1024w\" sizes=\"auto, (max-width: 643px) 100vw, 643px\" \/><\/p>\n<h2 data-path-to-node=\"0\"><strong>T\u1ecfa S\u00e1ng C\u00f9ng \u00c1nh Nh\u00ecn T\u1ef1 Nhi\u00ean<\/strong><\/h2>\n<p data-path-to-node=\"1\">Seed Eye Coffret 1Day UV mang \u0111\u1ebfn v\u1ebb \u0111\u1eb9p thanh l\u1ecbch v\u00e0 tinh t\u1ebf. S\u1eafc n\u00e2u t\u1ef1 nhi\u00ean gi\u00fap \u0111\u00f4i m\u1eaft b\u1ea1n th\u00eam s\u00e2u th\u1eb3m v\u00e0 cu\u1ed1n h\u00fat. C\u00f4ng ngh\u1ec7 ch\u1ed1ng tia UV b\u1ea3o v\u1ec7 m\u1eaft an to\u00e0n d\u01b0\u1edbi \u00e1nh n\u1eafng h\u00e8. Ch\u1ea5t li\u1ec7u k\u00ednh m\u1ecfng nh\u1eb9 t\u1ea1o c\u1ea3m gi\u00e1c \u00eam \u00e1i su\u1ed1t c\u1ea3 ng\u00e0y d\u00e0i. S\u1ea3n ph\u1ea9m d\u00f9ng m\u1ed9t ng\u00e0y c\u1ef1c k\u1ef3 ti\u1ec7n l\u1ee3i v\u00e0 \u0111\u1ea3m b\u1ea3o v\u1ec7 sinh. H\u00e3y tr\u1ea3i nghi\u1ec7m ch\u1ea5t l\u01b0\u1ee3ng Nh\u1eadt B\u1ea3n \u0111\u1ec3 \u0111\u00f4i m\u1eaft lu\u00f4n r\u1ea1ng r\u1ee1 nh\u1ea5t.<\/p>\n<\/div>\n","protected":false},"excerpt":{"rendered":"<p>\ud83d\udc41\ufe0fSeed Eye Coffret 1Day UV Natural Make &#8211; K\u00ednh \u00c1p Tr\u00f2ng C\u1eadn 0-4 \u0110\u1ed9 Seed Eye Coffret 1Day UV Natural Make t\u00f4n vinh n\u00e9t \u0111\u1eb9p t\u1ef1 nhi\u00ean. Thi\u1ebft k\u1ebf v\u00e2n ren m\u00e0u n\u00e2u \u1ea5m h\u00f2a quy\u1ec7n ho\u00e0n h\u1ea3o v\u1edbi s\u1eafc t\u1ed1 m\u1eaft. \u0110\u00f4i m\u1eaft b\u1ea1n s\u1ebd tr\u1edf n\u00ean long lanh, to tr\u00f2n v\u00e0 \u0111\u1ea7y s\u1ee9c [&#8230;]\n","protected":false},"featured_media":720,"comment_status":"open","ping_status":"closed","template":"","meta":[],"product_brand":[35],"product_cat":[36],"product_tag":[],"class_list":{"0":"post-719","1":"product","2":"type-product","3":"status-publish","4":"has-post-thumbnail","6":"product_brand-seed","7":"product_cat-kinh-ap-trong","9":"first","10":"instock","11":"shipping-taxable","12":"purchasable","13":"product-type-variable"},"yoast_head":"<!-- This site is optimized with the Yoast SEO plugin v26.9 - https:\/\/yoast.com\/product\/yoast-seo-wordpress\/ -->\n<title>Seed Eye Coffret 1Day UV Natural Make - hemkinh<\/title>\n<meta name=\"description\" content=\"Seed Eye Coffret 1Day UV Natural Make mang \u0111\u1ebfn v\u1ebb \u0111\u1eb9p t\u1ef1 nhi\u00ean, trong tr\u1ebbo. Lens m\u1ecfng nh\u1eb9, ch\u1ed1ng tia UV hi\u1ec7u qu\u1ea3, gi\u00fap \u0111\u00f4i m\u1eaft \u00eam \u00e1i su\u1ed1t c\u1ea3 ng\u00e0y d\u00e0i.\" \/>\n<meta name=\"robots\" content=\"index, follow, max-snippet:-1, max-image-preview:large, max-video-preview:-1\" \/>\n<link rel=\"canonical\" href=\"https:\/\/hemkinh.azdigi.shop\/index.php\/san-pham\/seed-eye-coffret-1day-uv-natural-make\/\" \/>\n<meta property=\"og:locale\" content=\"vi_VN\" \/>\n<meta property=\"og:type\" content=\"article\" \/>\n<meta property=\"og:title\" content=\"Seed Eye Coffret 1Day UV Natural Make - hemkinh\" \/>\n<meta property=\"og:description\" content=\"Seed Eye Coffret 1Day UV Natural Make mang \u0111\u1ebfn v\u1ebb \u0111\u1eb9p t\u1ef1 nhi\u00ean, trong tr\u1ebbo. Lens m\u1ecfng nh\u1eb9, ch\u1ed1ng tia UV hi\u1ec7u qu\u1ea3, gi\u00fap \u0111\u00f4i m\u1eaft \u00eam \u00e1i su\u1ed1t c\u1ea3 ng\u00e0y d\u00e0i.\" \/>\n<meta property=\"og:url\" content=\"https:\/\/hemkinh.azdigi.shop\/index.php\/san-pham\/seed-eye-coffret-1day-uv-natural-make\/\" \/>\n<meta property=\"og:site_name\" content=\"hemkinh\" \/>\n<meta property=\"article:modified_time\" content=\"2026-03-31T15:47:52+00:00\" \/>\n<meta property=\"og:image\" content=\"https:\/\/hemkinh.azdigi.shop\/wp-content\/uploads\/2026\/03\/z7674721844157_316354ccfc687269456dfb78abb77c63.jpg\" \/>\n\t<meta property=\"og:image:width\" content=\"640\" \/>\n\t<meta property=\"og:image:height\" content=\"427\" \/>\n\t<meta property=\"og:image:type\" content=\"image\/jpeg\" \/>\n<meta name=\"twitter:card\" content=\"summary_large_image\" \/>\n<meta name=\"twitter:label1\" content=\"\u01af\u1edbc t\u00ednh th\u1eddi gian \u0111\u1ecdc\" \/>\n\t<meta name=\"twitter:data1\" content=\"2 ph\u00fat\" \/>\n<script type=\"application\/ld+json\" class=\"yoast-schema-graph\">{\"@context\":\"https:\/\/schema.org\",\"@graph\":[{\"@type\":\"WebPage\",\"@id\":\"https:\/\/hemkinh.azdigi.shop\/index.php\/san-pham\/seed-eye-coffret-1day-uv-natural-make\/\",\"url\":\"https:\/\/hemkinh.azdigi.shop\/index.php\/san-pham\/seed-eye-coffret-1day-uv-natural-make\/\",\"name\":\"Seed Eye Coffret 1Day UV Natural Make - hemkinh\",\"isPartOf\":{\"@id\":\"https:\/\/hemkinh.azdigi.shop\/#website\"},\"primaryImageOfPage\":{\"@id\":\"https:\/\/hemkinh.azdigi.shop\/index.php\/san-pham\/seed-eye-coffret-1day-uv-natural-make\/#primaryimage\"},\"image\":{\"@id\":\"https:\/\/hemkinh.azdigi.shop\/index.php\/san-pham\/seed-eye-coffret-1day-uv-natural-make\/#primaryimage\"},\"thumbnailUrl\":\"https:\/\/hemkinh.azdigi.shop\/wp-content\/uploads\/2026\/03\/z7674721844157_316354ccfc687269456dfb78abb77c63.jpg\",\"datePublished\":\"2026-03-31T14:27:21+00:00\",\"dateModified\":\"2026-03-31T15:47:52+00:00\",\"description\":\"Seed Eye Coffret 1Day UV Natural Make mang \u0111\u1ebfn v\u1ebb \u0111\u1eb9p t\u1ef1 nhi\u00ean, trong tr\u1ebbo. Lens m\u1ecfng nh\u1eb9, ch\u1ed1ng tia UV hi\u1ec7u qu\u1ea3, gi\u00fap \u0111\u00f4i m\u1eaft \u00eam \u00e1i su\u1ed1t c\u1ea3 ng\u00e0y d\u00e0i.\",\"breadcrumb\":{\"@id\":\"https:\/\/hemkinh.azdigi.shop\/index.php\/san-pham\/seed-eye-coffret-1day-uv-natural-make\/#breadcrumb\"},\"inLanguage\":\"vi\",\"potentialAction\":[{\"@type\":\"ReadAction\",\"target\":[\"https:\/\/hemkinh.azdigi.shop\/index.php\/san-pham\/seed-eye-coffret-1day-uv-natural-make\/\"]}]},{\"@type\":\"ImageObject\",\"inLanguage\":\"vi\",\"@id\":\"https:\/\/hemkinh.azdigi.shop\/index.php\/san-pham\/seed-eye-coffret-1day-uv-natural-make\/#primaryimage\",\"url\":\"https:\/\/hemkinh.azdigi.shop\/wp-content\/uploads\/2026\/03\/z7674721844157_316354ccfc687269456dfb78abb77c63.jpg\",\"contentUrl\":\"https:\/\/hemkinh.azdigi.shop\/wp-content\/uploads\/2026\/03\/z7674721844157_316354ccfc687269456dfb78abb77c63.jpg\",\"width\":640,\"height\":427},{\"@type\":\"BreadcrumbList\",\"@id\":\"https:\/\/hemkinh.azdigi.shop\/index.php\/san-pham\/seed-eye-coffret-1day-uv-natural-make\/#breadcrumb\",\"itemListElement\":[{\"@type\":\"ListItem\",\"position\":1,\"name\":\"Trang ch\u1ee7\",\"item\":\"https:\/\/hemkinh.azdigi.shop\/\"},{\"@type\":\"ListItem\",\"position\":2,\"name\":\"B\u1ed9 s\u01b0u t\u1eadp\",\"item\":\"https:\/\/hemkinh.azdigi.shop\/?page_id=339\"},{\"@type\":\"ListItem\",\"position\":3,\"name\":\"Seed Eye Coffret 1Day UV Natural Make\"}]},{\"@type\":\"WebSite\",\"@id\":\"https:\/\/hemkinh.azdigi.shop\/#website\",\"url\":\"https:\/\/hemkinh.azdigi.shop\/\",\"name\":\"hemkinh\",\"description\":\"\",\"publisher\":{\"@id\":\"https:\/\/hemkinh.azdigi.shop\/#organization\"},\"potentialAction\":[{\"@type\":\"SearchAction\",\"target\":{\"@type\":\"EntryPoint\",\"urlTemplate\":\"https:\/\/hemkinh.azdigi.shop\/?s={search_term_string}\"},\"query-input\":{\"@type\":\"PropertyValueSpecification\",\"valueRequired\":true,\"valueName\":\"search_term_string\"}}],\"inLanguage\":\"vi\"},{\"@type\":\"Organization\",\"@id\":\"https:\/\/hemkinh.azdigi.shop\/#organization\",\"name\":\"hemkinh\",\"url\":\"https:\/\/hemkinh.azdigi.shop\/\",\"logo\":{\"@type\":\"ImageObject\",\"inLanguage\":\"vi\",\"@id\":\"https:\/\/hemkinh.azdigi.shop\/#\/schema\/logo\/image\/\",\"url\":\"https:\/\/hemkinh.azdigi.shop\/wp-content\/uploads\/2026\/03\/b6fc8f68-8452-4d6f-8f3e-038287a0aca6.png\",\"contentUrl\":\"https:\/\/hemkinh.azdigi.shop\/wp-content\/uploads\/2026\/03\/b6fc8f68-8452-4d6f-8f3e-038287a0aca6.png\",\"width\":1020,\"height\":680,\"caption\":\"hemkinh\"},\"image\":{\"@id\":\"https:\/\/hemkinh.azdigi.shop\/#\/schema\/logo\/image\/\"}}]}<\/script>\n<!-- \/ Yoast SEO plugin. -->","yoast_head_json":{"title":"Seed Eye Coffret 1Day UV Natural Make - hemkinh","description":"Seed Eye Coffret 1Day UV Natural Make mang \u0111\u1ebfn v\u1ebb \u0111\u1eb9p t\u1ef1 nhi\u00ean, trong tr\u1ebbo. Lens m\u1ecfng nh\u1eb9, ch\u1ed1ng tia UV hi\u1ec7u qu\u1ea3, gi\u00fap \u0111\u00f4i m\u1eaft \u00eam \u00e1i su\u1ed1t c\u1ea3 ng\u00e0y d\u00e0i.","robots":{"index":"index","follow":"follow","max-snippet":"max-snippet:-1","max-image-preview":"max-image-preview:large","max-video-preview":"max-video-preview:-1"},"canonical":"https:\/\/hemkinh.azdigi.shop\/index.php\/san-pham\/seed-eye-coffret-1day-uv-natural-make\/","og_locale":"vi_VN","og_type":"article","og_title":"Seed Eye Coffret 1Day UV Natural Make - hemkinh","og_description":"Seed Eye Coffret 1Day UV Natural Make mang \u0111\u1ebfn v\u1ebb \u0111\u1eb9p t\u1ef1 nhi\u00ean, trong tr\u1ebbo. Lens m\u1ecfng nh\u1eb9, ch\u1ed1ng tia UV hi\u1ec7u qu\u1ea3, gi\u00fap \u0111\u00f4i m\u1eaft \u00eam \u00e1i su\u1ed1t c\u1ea3 ng\u00e0y d\u00e0i.","og_url":"https:\/\/hemkinh.azdigi.shop\/index.php\/san-pham\/seed-eye-coffret-1day-uv-natural-make\/","og_site_name":"hemkinh","article_modified_time":"2026-03-31T15:47:52+00:00","og_image":[{"width":640,"height":427,"url":"https:\/\/hemkinh.azdigi.shop\/wp-content\/uploads\/2026\/03\/z7674721844157_316354ccfc687269456dfb78abb77c63.jpg","type":"image\/jpeg"}],"twitter_card":"summary_large_image","twitter_misc":{"\u01af\u1edbc t\u00ednh th\u1eddi gian \u0111\u1ecdc":"2 ph\u00fat"},"schema":{"@context":"https:\/\/schema.org","@graph":[{"@type":"WebPage","@id":"https:\/\/hemkinh.azdigi.shop\/index.php\/san-pham\/seed-eye-coffret-1day-uv-natural-make\/","url":"https:\/\/hemkinh.azdigi.shop\/index.php\/san-pham\/seed-eye-coffret-1day-uv-natural-make\/","name":"Seed Eye Coffret 1Day UV Natural Make - hemkinh","isPartOf":{"@id":"https:\/\/hemkinh.azdigi.shop\/#website"},"primaryImageOfPage":{"@id":"https:\/\/hemkinh.azdigi.shop\/index.php\/san-pham\/seed-eye-coffret-1day-uv-natural-make\/#primaryimage"},"image":{"@id":"https:\/\/hemkinh.azdigi.shop\/index.php\/san-pham\/seed-eye-coffret-1day-uv-natural-make\/#primaryimage"},"thumbnailUrl":"https:\/\/hemkinh.azdigi.shop\/wp-content\/uploads\/2026\/03\/z7674721844157_316354ccfc687269456dfb78abb77c63.jpg","datePublished":"2026-03-31T14:27:21+00:00","dateModified":"2026-03-31T15:47:52+00:00","description":"Seed Eye Coffret 1Day UV Natural Make mang \u0111\u1ebfn v\u1ebb \u0111\u1eb9p t\u1ef1 nhi\u00ean, trong tr\u1ebbo. Lens m\u1ecfng nh\u1eb9, ch\u1ed1ng tia UV hi\u1ec7u qu\u1ea3, gi\u00fap \u0111\u00f4i m\u1eaft \u00eam \u00e1i su\u1ed1t c\u1ea3 ng\u00e0y d\u00e0i.","breadcrumb":{"@id":"https:\/\/hemkinh.azdigi.shop\/index.php\/san-pham\/seed-eye-coffret-1day-uv-natural-make\/#breadcrumb"},"inLanguage":"vi","potentialAction":[{"@type":"ReadAction","target":["https:\/\/hemkinh.azdigi.shop\/index.php\/san-pham\/seed-eye-coffret-1day-uv-natural-make\/"]}]},{"@type":"ImageObject","inLanguage":"vi","@id":"https:\/\/hemkinh.azdigi.shop\/index.php\/san-pham\/seed-eye-coffret-1day-uv-natural-make\/#primaryimage","url":"https:\/\/hemkinh.azdigi.shop\/wp-content\/uploads\/2026\/03\/z7674721844157_316354ccfc687269456dfb78abb77c63.jpg","contentUrl":"https:\/\/hemkinh.azdigi.shop\/wp-content\/uploads\/2026\/03\/z7674721844157_316354ccfc687269456dfb78abb77c63.jpg","width":640,"height":427},{"@type":"BreadcrumbList","@id":"https:\/\/hemkinh.azdigi.shop\/index.php\/san-pham\/seed-eye-coffret-1day-uv-natural-make\/#breadcrumb","itemListElement":[{"@type":"ListItem","position":1,"name":"Trang ch\u1ee7","item":"https:\/\/hemkinh.azdigi.shop\/"},{"@type":"ListItem","position":2,"name":"B\u1ed9 s\u01b0u t\u1eadp","item":"https:\/\/hemkinh.azdigi.shop\/?page_id=339"},{"@type":"ListItem","position":3,"name":"Seed Eye Coffret 1Day UV Natural Make"}]},{"@type":"WebSite","@id":"https:\/\/hemkinh.azdigi.shop\/#website","url":"https:\/\/hemkinh.azdigi.shop\/","name":"hemkinh","description":"","publisher":{"@id":"https:\/\/hemkinh.azdigi.shop\/#organization"},"potentialAction":[{"@type":"SearchAction","target":{"@type":"EntryPoint","urlTemplate":"https:\/\/hemkinh.azdigi.shop\/?s={search_term_string}"},"query-input":{"@type":"PropertyValueSpecification","valueRequired":true,"valueName":"search_term_string"}}],"inLanguage":"vi"},{"@type":"Organization","@id":"https:\/\/hemkinh.azdigi.shop\/#organization","name":"hemkinh","url":"https:\/\/hemkinh.azdigi.shop\/","logo":{"@type":"ImageObject","inLanguage":"vi","@id":"https:\/\/hemkinh.azdigi.shop\/#\/schema\/logo\/image\/","url":"https:\/\/hemkinh.azdigi.shop\/wp-content\/uploads\/2026\/03\/b6fc8f68-8452-4d6f-8f3e-038287a0aca6.png","contentUrl":"https:\/\/hemkinh.azdigi.shop\/wp-content\/uploads\/2026\/03\/b6fc8f68-8452-4d6f-8f3e-038287a0aca6.png","width":1020,"height":680,"caption":"hemkinh"},"image":{"@id":"https:\/\/hemkinh.azdigi.shop\/#\/schema\/logo\/image\/"}}]}},"_links":{"self":[{"href":"https:\/\/hemkinh.azdigi.shop\/index.php?rest_route=\/wp\/v2\/product\/719","targetHints":{"allow":["GET"]}}],"collection":[{"href":"https:\/\/hemkinh.azdigi.shop\/index.php?rest_route=\/wp\/v2\/product"}],"about":[{"href":"https:\/\/hemkinh.azdigi.shop\/index.php?rest_route=\/wp\/v2\/types\/product"}],"replies":[{"embeddable":true,"href":"https:\/\/hemkinh.azdigi.shop\/index.php?rest_route=%2Fwp%2Fv2%2Fcomments&post=719"}],"wp:featuredmedia":[{"embeddable":true,"href":"https:\/\/hemkinh.azdigi.shop\/index.php?rest_route=\/wp\/v2\/media\/720"}],"wp:attachment":[{"href":"https:\/\/hemkinh.azdigi.shop\/index.php?rest_route=%2Fwp%2Fv2%2Fmedia&parent=719"}],"wp:term":[{"taxonomy":"product_brand","embeddable":true,"href":"https:\/\/hemkinh.azdigi.shop\/index.php?rest_route=%2Fwp%2Fv2%2Fproduct_brand&post=719"},{"taxonomy":"product_cat","embeddable":true,"href":"https:\/\/hemkinh.azdigi.shop\/index.php?rest_route=%2Fwp%2Fv2%2Fproduct_cat&post=719"},{"taxonomy":"product_tag","embeddable":true,"href":"https:\/\/hemkinh.azdigi.shop\/index.php?rest_route=%2Fwp%2Fv2%2Fproduct_tag&post=719"}],"curies":[{"name":"wp","href":"https:\/\/api.w.org\/{rel}","templated":true}]}}