{"id":745,"date":"2026-03-31T22:11:02","date_gmt":"2026-03-31T15:11:02","guid":{"rendered":"https:\/\/hemkinh.azdigi.shop\/?post_type=product&#038;p=745"},"modified":"2026-03-31T22:46:39","modified_gmt":"2026-03-31T15:46:39","slug":"seed-eye-coffret-1day-uv-grace-make","status":"publish","type":"product","link":"https:\/\/hemkinh.azdigi.shop\/?product=seed-eye-coffret-1day-uv-grace-make","title":{"rendered":"Seed Eye Coffret 1Day UV Grace Make"},"content":{"rendered":"<h2>\ud83d\udc41\ufe0f<strong>Seed Eye Coffret 1Day UV Grace Make &#8211; k\u00ednh \u00c1p Tr\u00f2ng C\u1eadn 0-4 \u0110\u1ed9<\/strong><\/h2>\n<p>Grace Make s\u1edf h\u1eefu s\u1eafc x\u00e1m trung t\u00ednh, gi\u00fap \u0111\u00f4i m\u1eaft tr\u00f4ng s\u00e2u h\u01a1n. M\u00e0u lens r\u00f5 nh\u01b0ng v\u1eabn gi\u1eef n\u00e9t t\u1ef1 nhi\u00ean, kh\u00f4ng qu\u00e1 n\u1ed5i b\u1eadt. Hi\u1ec7u \u1ee9ng t\u1ed5ng th\u1ec3 thanh l\u1ecbch, ph\u00f9 h\u1ee3p nhi\u1ec1u phong c\u00e1ch trang \u0111i\u1ec3m. Thi\u1ebft k\u1ebf v\u00e2n ren t\u1ea1o \u0111i\u1ec3m nh\u1ea5n nh\u1eb9 cho \u00e1nh nh\u00ecn. Gi\u00fap m\u1eaft c\u00f3 chi\u1ec1u s\u00e2u v\u00e0 tr\u00f4ng r\u00f5 n\u00e9t h\u01a1n. Kh\u00f4ng qu\u00e1 s\u1eafc, v\u1eabn gi\u1eef c\u1ea3m gi\u00e1c m\u1ec1m m\u1ea1i v\u00e0 t\u1ef1 nhi\u00ean.<\/p>\n<div data-page-id=\"WkeJdKyoDoGQHzx6CBmlwAGMg4c\" data-lark-html-role=\"root\" data-docx-has-block-data=\"false\">\n<h4 class=\"ace-line ace-line old-record-id-CJpndjsu5odw88xIsjul5Eyjgrd\"><strong>Th\u00f4ng tin s\u1ea3n ph\u1ea9m:<\/strong><\/h4>\n<div class=\"ace-line ace-line old-record-id-O6AxdHLtFo0PAhxFairli9UKgZb\">\u0110\u1ed9 gi\u00e3n tr\u00f2ng:\u00a014.0mm<\/div>\n<div><\/div>\n<div class=\"ace-line ace-line old-record-id-FYUIdrebioi3K3xbyU8lWzlFgxg\">Grace Make: nh\u1eb9 nh\u00e0ng, m\u1ec1m m\u1ea1i, t\u1ef1 nhi\u00ean.<\/div>\n<\/div>\n<div>\n<div data-page-id=\"WkeJdKyoDoGQHzx6CBmlwAGMg4c\" data-lark-html-role=\"root\" data-docx-has-block-data=\"false\">\n<ul>\n<li class=\"ace-line ace-line old-record-id-KBL3dqBOYoJjFXxrYTylLH7fgNg\">\u0110\u01b0\u1eddng k\u00ednh v\u00f2ng in m\u00e0u trong: 7.2mm<\/li>\n<\/ul>\n<ul class=\"list-bullet1\">\n<li class=\"ace-line ace-line old-record-id-ClQ6dB9J1oUYeBx5M0llkw3Wg3g\" data-list=\"bullet\">\n<div>\u0110\u01b0\u1eddng k\u00ednh v\u00f2ng in m\u00e0u ngo\u00e0i: 13.2mm<\/div>\n<\/li>\n<\/ul>\n<\/div>\n<\/div>\n<p><img loading=\"lazy\" decoding=\"async\" class=\" wp-image-747 aligncenter\" src=\"https:\/\/hemkinh.azdigi.shop\/wp-content\/uploads\/2026\/03\/6663ae32750a29e1c30b42f84f8ac08e-300x300.jpg\" alt=\"\" width=\"602\" height=\"602\" srcset=\"https:\/\/hemkinh.azdigi.shop\/wp-content\/uploads\/2026\/03\/6663ae32750a29e1c30b42f84f8ac08e-300x300.jpg 300w, https:\/\/hemkinh.azdigi.shop\/wp-content\/uploads\/2026\/03\/6663ae32750a29e1c30b42f84f8ac08e-150x150.jpg 150w, https:\/\/hemkinh.azdigi.shop\/wp-content\/uploads\/2026\/03\/6663ae32750a29e1c30b42f84f8ac08e-100x100.jpg 100w, https:\/\/hemkinh.azdigi.shop\/wp-content\/uploads\/2026\/03\/6663ae32750a29e1c30b42f84f8ac08e.jpg 600w\" sizes=\"auto, (max-width: 602px) 100vw, 602px\" \/><\/p>\n<div class=\"flex flex-col text-sm pb-25\">\n<section class=\"text-token-text-primary w-full focus:outline-none [--shadow-height:45px] has-data-writing-block:pointer-events-none has-data-writing-block:-mt-(--shadow-height) has-data-writing-block:pt-(--shadow-height) [&amp;:has([data-writing-block])&gt;*]:pointer-events-auto scroll-mt-[calc(var(--header-height)+min(200px,max(70px,20svh)))]\" dir=\"auto\" data-turn-id=\"request-WEB:d102baee-33b9-47f2-bd12-0b6ec1158224-72\" data-testid=\"conversation-turn-34\" data-scroll-anchor=\"true\" data-turn=\"assistant\">\n<div class=\"text-base my-auto mx-auto pb-10 [--thread-content-margin:var(--thread-content-margin-xs,calc(var(--spacing)*4))] @w-sm\/main:[--thread-content-margin:var(--thread-content-margin-sm,calc(var(--spacing)*6))] @w-lg\/main:[--thread-content-margin:var(--thread-content-margin-lg,calc(var(--spacing)*16))] px-(--thread-content-margin)\">\n<div class=\"[--thread-content-max-width:40rem] @w-lg\/main:[--thread-content-max-width:48rem] mx-auto max-w-(--thread-content-max-width) flex-1 group\/turn-messages focus-visible:outline-hidden relative flex w-full min-w-0 flex-col agent-turn\">\n<div class=\"flex max-w-full flex-col gap-4 grow\">\n<div class=\"min-h-8 text-message relative flex w-full flex-col items-end gap-2 text-start break-words whitespace-normal outline-none keyboard-focused:focus-ring [.text-message+&amp;]:mt-1\" dir=\"auto\" tabindex=\"0\" data-message-author-role=\"assistant\" data-message-id=\"61adc5a3-04a9-4d24-b596-672c272339c5\" data-message-model-slug=\"gpt-5-3\" data-turn-start-message=\"true\">\n<div class=\"flex w-full flex-col gap-1 empty:hidden\">\n<div class=\"markdown prose dark:prose-invert w-full wrap-break-word light markdown-new-styling\">\n<h2>\ud83d\udc41\ufe0f<strong>L\u1ef1a ch\u1ecdn ho\u00e0n h\u1ea3o cho makeup nh\u1eb9 v\u00e0 d\u00f9ng h\u1eb1ng ng\u00e0y<\/strong><\/h2>\n<p data-start=\"58\" data-end=\"426\" data-is-last-node=\"\" data-is-only-node=\"\">Grace Make ph\u00f9 h\u1ee3p cho nhi\u1ec1u ho\u00e0n c\u1ea3nh s\u1eed d\u1ee5ng h\u1eb1ng ng\u00e0y. Lens 1-day gi\u00fap \u0111\u1ea3m b\u1ea3o v\u1ec7 sinh v\u00e0 ti\u1ec7n l\u1ee3i khi d\u00f9ng. Ch\u1ea5t li\u1ec7u m\u1ec1m mang l\u1ea1i c\u1ea3m gi\u00e1c tho\u1ea3i m\u00e1i khi \u0111eo l\u00e2u. Ph\u00f9 h\u1ee3p khi \u0111i h\u1ecdc, \u0111i l\u00e0m ho\u1eb7c g\u1eb7p g\u1ee1 b\u1ea1n b\u00e8. D\u1ec5 k\u1ebft h\u1ee3p v\u1edbi nhi\u1ec1u ki\u1ec3u makeup kh\u00e1c nhau. Mang l\u1ea1i \u00e1nh nh\u00ecn t\u1ef1 nhi\u00ean nh\u01b0ng v\u1eabn c\u00f3 \u0111i\u1ec3m nh\u1ea5n. L\u00e0 l\u1ef1a ch\u1ecdn l\u00fd t\u01b0\u1edfng cho phong c\u00e1ch thanh l\u1ecbch.<\/p>\n<\/div>\n<\/div>\n<\/div>\n<\/div>\n<div class=\"z-0 flex min-h-[46px] justify-start\"><\/div>\n<div class=\"mt-3 w-full empty:hidden\">\n<div class=\"text-center\"><\/div>\n<\/div>\n<\/div>\n<\/div>\n<\/section>\n<\/div>\n<div class=\"pointer-events-none h-px w-px absolute bottom-0\" aria-hidden=\"true\" data-edge=\"true\"><\/div>\n","protected":false},"excerpt":{"rendered":"<p>\ud83d\udc41\ufe0fSeed Eye Coffret 1Day UV Grace Make &#8211; k\u00ednh \u00c1p Tr\u00f2ng C\u1eadn 0-4 \u0110\u1ed9 Grace Make s\u1edf h\u1eefu s\u1eafc x\u00e1m trung t\u00ednh, gi\u00fap \u0111\u00f4i m\u1eaft tr\u00f4ng s\u00e2u h\u01a1n. M\u00e0u lens r\u00f5 nh\u01b0ng v\u1eabn gi\u1eef n\u00e9t t\u1ef1 nhi\u00ean, kh\u00f4ng qu\u00e1 n\u1ed5i b\u1eadt. Hi\u1ec7u \u1ee9ng t\u1ed5ng th\u1ec3 thanh l\u1ecbch, ph\u00f9 h\u1ee3p nhi\u1ec1u phong c\u00e1ch trang \u0111i\u1ec3m. Thi\u1ebft [&#8230;]\n","protected":false},"featured_media":715,"comment_status":"open","ping_status":"closed","template":"","meta":[],"product_brand":[35],"product_cat":[36],"product_tag":[],"class_list":{"0":"post-745","1":"product","2":"type-product","3":"status-publish","4":"has-post-thumbnail","6":"product_brand-seed","7":"product_cat-kinh-ap-trong","9":"first","10":"instock","11":"shipping-taxable","12":"purchasable","13":"product-type-variable"},"yoast_head":"<!-- This site is optimized with the Yoast SEO plugin v26.9 - https:\/\/yoast.com\/product\/yoast-seo-wordpress\/ -->\n<title>Seed Eye Coffret 1Day UV Grace Make - hemkinh<\/title>\n<meta name=\"description\" content=\"Grace Make l\u00e0 lens x\u00e1m thanh l\u1ecbch, gi\u00fap \u0111\u00f4i m\u1eaft s\u00e2u v\u00e0 r\u00f5 n\u00e9t h\u01a1n. Thi\u1ebft k\u1ebf v\u00e2n ren tinh t\u1ebf t\u1ea1o \u0111i\u1ec3m nh\u1ea5n nh\u1eb9, ph\u00f9 h\u1ee3p makeup nh\u1eb9 ho\u1eb7c d\u00f9ng h\u1eb1ng ng\u00e0y.\" \/>\n<meta name=\"robots\" content=\"index, follow, max-snippet:-1, max-image-preview:large, max-video-preview:-1\" \/>\n<link rel=\"canonical\" href=\"https:\/\/hemkinh.azdigi.shop\/index.php\/san-pham\/seed-eye-coffret-1day-uv-grace-make\/\" \/>\n<meta property=\"og:locale\" content=\"vi_VN\" \/>\n<meta property=\"og:type\" content=\"article\" \/>\n<meta property=\"og:title\" content=\"Seed Eye Coffret 1Day UV Grace Make - hemkinh\" \/>\n<meta property=\"og:description\" content=\"Grace Make l\u00e0 lens x\u00e1m thanh l\u1ecbch, gi\u00fap \u0111\u00f4i m\u1eaft s\u00e2u v\u00e0 r\u00f5 n\u00e9t h\u01a1n. Thi\u1ebft k\u1ebf v\u00e2n ren tinh t\u1ebf t\u1ea1o \u0111i\u1ec3m nh\u1ea5n nh\u1eb9, ph\u00f9 h\u1ee3p makeup nh\u1eb9 ho\u1eb7c d\u00f9ng h\u1eb1ng ng\u00e0y.\" \/>\n<meta property=\"og:url\" content=\"https:\/\/hemkinh.azdigi.shop\/index.php\/san-pham\/seed-eye-coffret-1day-uv-grace-make\/\" \/>\n<meta property=\"og:site_name\" content=\"hemkinh\" \/>\n<meta property=\"article:modified_time\" content=\"2026-03-31T15:46:39+00:00\" \/>\n<meta property=\"og:image\" content=\"https:\/\/hemkinh.azdigi.shop\/wp-content\/uploads\/2026\/03\/z7674723131365_df279d2e4c38632598ef67911ac5727e.jpg\" \/>\n\t<meta property=\"og:image:width\" content=\"600\" \/>\n\t<meta property=\"og:image:height\" content=\"600\" \/>\n\t<meta property=\"og:image:type\" content=\"image\/jpeg\" \/>\n<meta name=\"twitter:card\" content=\"summary_large_image\" \/>\n<meta name=\"twitter:label1\" content=\"\u01af\u1edbc t\u00ednh th\u1eddi gian \u0111\u1ecdc\" \/>\n\t<meta name=\"twitter:data1\" content=\"2 ph\u00fat\" \/>\n<script type=\"application\/ld+json\" class=\"yoast-schema-graph\">{\"@context\":\"https:\/\/schema.org\",\"@graph\":[{\"@type\":\"WebPage\",\"@id\":\"https:\/\/hemkinh.azdigi.shop\/index.php\/san-pham\/seed-eye-coffret-1day-uv-grace-make\/\",\"url\":\"https:\/\/hemkinh.azdigi.shop\/index.php\/san-pham\/seed-eye-coffret-1day-uv-grace-make\/\",\"name\":\"Seed Eye Coffret 1Day UV Grace Make - hemkinh\",\"isPartOf\":{\"@id\":\"https:\/\/hemkinh.azdigi.shop\/#website\"},\"primaryImageOfPage\":{\"@id\":\"https:\/\/hemkinh.azdigi.shop\/index.php\/san-pham\/seed-eye-coffret-1day-uv-grace-make\/#primaryimage\"},\"image\":{\"@id\":\"https:\/\/hemkinh.azdigi.shop\/index.php\/san-pham\/seed-eye-coffret-1day-uv-grace-make\/#primaryimage\"},\"thumbnailUrl\":\"https:\/\/hemkinh.azdigi.shop\/wp-content\/uploads\/2026\/03\/z7674723131365_df279d2e4c38632598ef67911ac5727e.jpg\",\"datePublished\":\"2026-03-31T15:11:02+00:00\",\"dateModified\":\"2026-03-31T15:46:39+00:00\",\"description\":\"Grace Make l\u00e0 lens x\u00e1m thanh l\u1ecbch, gi\u00fap \u0111\u00f4i m\u1eaft s\u00e2u v\u00e0 r\u00f5 n\u00e9t h\u01a1n. Thi\u1ebft k\u1ebf v\u00e2n ren tinh t\u1ebf t\u1ea1o \u0111i\u1ec3m nh\u1ea5n nh\u1eb9, ph\u00f9 h\u1ee3p makeup nh\u1eb9 ho\u1eb7c d\u00f9ng h\u1eb1ng ng\u00e0y.\",\"breadcrumb\":{\"@id\":\"https:\/\/hemkinh.azdigi.shop\/index.php\/san-pham\/seed-eye-coffret-1day-uv-grace-make\/#breadcrumb\"},\"inLanguage\":\"vi\",\"potentialAction\":[{\"@type\":\"ReadAction\",\"target\":[\"https:\/\/hemkinh.azdigi.shop\/index.php\/san-pham\/seed-eye-coffret-1day-uv-grace-make\/\"]}]},{\"@type\":\"ImageObject\",\"inLanguage\":\"vi\",\"@id\":\"https:\/\/hemkinh.azdigi.shop\/index.php\/san-pham\/seed-eye-coffret-1day-uv-grace-make\/#primaryimage\",\"url\":\"https:\/\/hemkinh.azdigi.shop\/wp-content\/uploads\/2026\/03\/z7674723131365_df279d2e4c38632598ef67911ac5727e.jpg\",\"contentUrl\":\"https:\/\/hemkinh.azdigi.shop\/wp-content\/uploads\/2026\/03\/z7674723131365_df279d2e4c38632598ef67911ac5727e.jpg\",\"width\":600,\"height\":600},{\"@type\":\"BreadcrumbList\",\"@id\":\"https:\/\/hemkinh.azdigi.shop\/index.php\/san-pham\/seed-eye-coffret-1day-uv-grace-make\/#breadcrumb\",\"itemListElement\":[{\"@type\":\"ListItem\",\"position\":1,\"name\":\"Trang ch\u1ee7\",\"item\":\"https:\/\/hemkinh.azdigi.shop\/\"},{\"@type\":\"ListItem\",\"position\":2,\"name\":\"B\u1ed9 s\u01b0u t\u1eadp\",\"item\":\"https:\/\/hemkinh.azdigi.shop\/?page_id=339\"},{\"@type\":\"ListItem\",\"position\":3,\"name\":\"Seed Eye Coffret 1Day UV Grace Make\"}]},{\"@type\":\"WebSite\",\"@id\":\"https:\/\/hemkinh.azdigi.shop\/#website\",\"url\":\"https:\/\/hemkinh.azdigi.shop\/\",\"name\":\"hemkinh\",\"description\":\"\",\"publisher\":{\"@id\":\"https:\/\/hemkinh.azdigi.shop\/#organization\"},\"potentialAction\":[{\"@type\":\"SearchAction\",\"target\":{\"@type\":\"EntryPoint\",\"urlTemplate\":\"https:\/\/hemkinh.azdigi.shop\/?s={search_term_string}\"},\"query-input\":{\"@type\":\"PropertyValueSpecification\",\"valueRequired\":true,\"valueName\":\"search_term_string\"}}],\"inLanguage\":\"vi\"},{\"@type\":\"Organization\",\"@id\":\"https:\/\/hemkinh.azdigi.shop\/#organization\",\"name\":\"hemkinh\",\"url\":\"https:\/\/hemkinh.azdigi.shop\/\",\"logo\":{\"@type\":\"ImageObject\",\"inLanguage\":\"vi\",\"@id\":\"https:\/\/hemkinh.azdigi.shop\/#\/schema\/logo\/image\/\",\"url\":\"https:\/\/hemkinh.azdigi.shop\/wp-content\/uploads\/2026\/03\/b6fc8f68-8452-4d6f-8f3e-038287a0aca6.png\",\"contentUrl\":\"https:\/\/hemkinh.azdigi.shop\/wp-content\/uploads\/2026\/03\/b6fc8f68-8452-4d6f-8f3e-038287a0aca6.png\",\"width\":1020,\"height\":680,\"caption\":\"hemkinh\"},\"image\":{\"@id\":\"https:\/\/hemkinh.azdigi.shop\/#\/schema\/logo\/image\/\"}}]}<\/script>\n<!-- \/ Yoast SEO plugin. -->","yoast_head_json":{"title":"Seed Eye Coffret 1Day UV Grace Make - hemkinh","description":"Grace Make l\u00e0 lens x\u00e1m thanh l\u1ecbch, gi\u00fap \u0111\u00f4i m\u1eaft s\u00e2u v\u00e0 r\u00f5 n\u00e9t h\u01a1n. Thi\u1ebft k\u1ebf v\u00e2n ren tinh t\u1ebf t\u1ea1o \u0111i\u1ec3m nh\u1ea5n nh\u1eb9, ph\u00f9 h\u1ee3p makeup nh\u1eb9 ho\u1eb7c d\u00f9ng h\u1eb1ng ng\u00e0y.","robots":{"index":"index","follow":"follow","max-snippet":"max-snippet:-1","max-image-preview":"max-image-preview:large","max-video-preview":"max-video-preview:-1"},"canonical":"https:\/\/hemkinh.azdigi.shop\/index.php\/san-pham\/seed-eye-coffret-1day-uv-grace-make\/","og_locale":"vi_VN","og_type":"article","og_title":"Seed Eye Coffret 1Day UV Grace Make - hemkinh","og_description":"Grace Make l\u00e0 lens x\u00e1m thanh l\u1ecbch, gi\u00fap \u0111\u00f4i m\u1eaft s\u00e2u v\u00e0 r\u00f5 n\u00e9t h\u01a1n. Thi\u1ebft k\u1ebf v\u00e2n ren tinh t\u1ebf t\u1ea1o \u0111i\u1ec3m nh\u1ea5n nh\u1eb9, ph\u00f9 h\u1ee3p makeup nh\u1eb9 ho\u1eb7c d\u00f9ng h\u1eb1ng ng\u00e0y.","og_url":"https:\/\/hemkinh.azdigi.shop\/index.php\/san-pham\/seed-eye-coffret-1day-uv-grace-make\/","og_site_name":"hemkinh","article_modified_time":"2026-03-31T15:46:39+00:00","og_image":[{"width":600,"height":600,"url":"https:\/\/hemkinh.azdigi.shop\/wp-content\/uploads\/2026\/03\/z7674723131365_df279d2e4c38632598ef67911ac5727e.jpg","type":"image\/jpeg"}],"twitter_card":"summary_large_image","twitter_misc":{"\u01af\u1edbc t\u00ednh th\u1eddi gian \u0111\u1ecdc":"2 ph\u00fat"},"schema":{"@context":"https:\/\/schema.org","@graph":[{"@type":"WebPage","@id":"https:\/\/hemkinh.azdigi.shop\/index.php\/san-pham\/seed-eye-coffret-1day-uv-grace-make\/","url":"https:\/\/hemkinh.azdigi.shop\/index.php\/san-pham\/seed-eye-coffret-1day-uv-grace-make\/","name":"Seed Eye Coffret 1Day UV Grace Make - hemkinh","isPartOf":{"@id":"https:\/\/hemkinh.azdigi.shop\/#website"},"primaryImageOfPage":{"@id":"https:\/\/hemkinh.azdigi.shop\/index.php\/san-pham\/seed-eye-coffret-1day-uv-grace-make\/#primaryimage"},"image":{"@id":"https:\/\/hemkinh.azdigi.shop\/index.php\/san-pham\/seed-eye-coffret-1day-uv-grace-make\/#primaryimage"},"thumbnailUrl":"https:\/\/hemkinh.azdigi.shop\/wp-content\/uploads\/2026\/03\/z7674723131365_df279d2e4c38632598ef67911ac5727e.jpg","datePublished":"2026-03-31T15:11:02+00:00","dateModified":"2026-03-31T15:46:39+00:00","description":"Grace Make l\u00e0 lens x\u00e1m thanh l\u1ecbch, gi\u00fap \u0111\u00f4i m\u1eaft s\u00e2u v\u00e0 r\u00f5 n\u00e9t h\u01a1n. Thi\u1ebft k\u1ebf v\u00e2n ren tinh t\u1ebf t\u1ea1o \u0111i\u1ec3m nh\u1ea5n nh\u1eb9, ph\u00f9 h\u1ee3p makeup nh\u1eb9 ho\u1eb7c d\u00f9ng h\u1eb1ng ng\u00e0y.","breadcrumb":{"@id":"https:\/\/hemkinh.azdigi.shop\/index.php\/san-pham\/seed-eye-coffret-1day-uv-grace-make\/#breadcrumb"},"inLanguage":"vi","potentialAction":[{"@type":"ReadAction","target":["https:\/\/hemkinh.azdigi.shop\/index.php\/san-pham\/seed-eye-coffret-1day-uv-grace-make\/"]}]},{"@type":"ImageObject","inLanguage":"vi","@id":"https:\/\/hemkinh.azdigi.shop\/index.php\/san-pham\/seed-eye-coffret-1day-uv-grace-make\/#primaryimage","url":"https:\/\/hemkinh.azdigi.shop\/wp-content\/uploads\/2026\/03\/z7674723131365_df279d2e4c38632598ef67911ac5727e.jpg","contentUrl":"https:\/\/hemkinh.azdigi.shop\/wp-content\/uploads\/2026\/03\/z7674723131365_df279d2e4c38632598ef67911ac5727e.jpg","width":600,"height":600},{"@type":"BreadcrumbList","@id":"https:\/\/hemkinh.azdigi.shop\/index.php\/san-pham\/seed-eye-coffret-1day-uv-grace-make\/#breadcrumb","itemListElement":[{"@type":"ListItem","position":1,"name":"Trang ch\u1ee7","item":"https:\/\/hemkinh.azdigi.shop\/"},{"@type":"ListItem","position":2,"name":"B\u1ed9 s\u01b0u t\u1eadp","item":"https:\/\/hemkinh.azdigi.shop\/?page_id=339"},{"@type":"ListItem","position":3,"name":"Seed Eye Coffret 1Day UV Grace Make"}]},{"@type":"WebSite","@id":"https:\/\/hemkinh.azdigi.shop\/#website","url":"https:\/\/hemkinh.azdigi.shop\/","name":"hemkinh","description":"","publisher":{"@id":"https:\/\/hemkinh.azdigi.shop\/#organization"},"potentialAction":[{"@type":"SearchAction","target":{"@type":"EntryPoint","urlTemplate":"https:\/\/hemkinh.azdigi.shop\/?s={search_term_string}"},"query-input":{"@type":"PropertyValueSpecification","valueRequired":true,"valueName":"search_term_string"}}],"inLanguage":"vi"},{"@type":"Organization","@id":"https:\/\/hemkinh.azdigi.shop\/#organization","name":"hemkinh","url":"https:\/\/hemkinh.azdigi.shop\/","logo":{"@type":"ImageObject","inLanguage":"vi","@id":"https:\/\/hemkinh.azdigi.shop\/#\/schema\/logo\/image\/","url":"https:\/\/hemkinh.azdigi.shop\/wp-content\/uploads\/2026\/03\/b6fc8f68-8452-4d6f-8f3e-038287a0aca6.png","contentUrl":"https:\/\/hemkinh.azdigi.shop\/wp-content\/uploads\/2026\/03\/b6fc8f68-8452-4d6f-8f3e-038287a0aca6.png","width":1020,"height":680,"caption":"hemkinh"},"image":{"@id":"https:\/\/hemkinh.azdigi.shop\/#\/schema\/logo\/image\/"}}]}},"_links":{"self":[{"href":"https:\/\/hemkinh.azdigi.shop\/index.php?rest_route=\/wp\/v2\/product\/745","targetHints":{"allow":["GET"]}}],"collection":[{"href":"https:\/\/hemkinh.azdigi.shop\/index.php?rest_route=\/wp\/v2\/product"}],"about":[{"href":"https:\/\/hemkinh.azdigi.shop\/index.php?rest_route=\/wp\/v2\/types\/product"}],"replies":[{"embeddable":true,"href":"https:\/\/hemkinh.azdigi.shop\/index.php?rest_route=%2Fwp%2Fv2%2Fcomments&post=745"}],"wp:featuredmedia":[{"embeddable":true,"href":"https:\/\/hemkinh.azdigi.shop\/index.php?rest_route=\/wp\/v2\/media\/715"}],"wp:attachment":[{"href":"https:\/\/hemkinh.azdigi.shop\/index.php?rest_route=%2Fwp%2Fv2%2Fmedia&parent=745"}],"wp:term":[{"taxonomy":"product_brand","embeddable":true,"href":"https:\/\/hemkinh.azdigi.shop\/index.php?rest_route=%2Fwp%2Fv2%2Fproduct_brand&post=745"},{"taxonomy":"product_cat","embeddable":true,"href":"https:\/\/hemkinh.azdigi.shop\/index.php?rest_route=%2Fwp%2Fv2%2Fproduct_cat&post=745"},{"taxonomy":"product_tag","embeddable":true,"href":"https:\/\/hemkinh.azdigi.shop\/index.php?rest_route=%2Fwp%2Fv2%2Fproduct_tag&post=745"}],"curies":[{"name":"wp","href":"https:\/\/api.w.org\/{rel}","templated":true}]}}