{"id":773,"date":"2026-04-01T00:06:40","date_gmt":"2026-03-31T17:06:40","guid":{"rendered":"https:\/\/hemkinh.azdigi.shop\/?post_type=product&#038;p=773"},"modified":"2026-04-01T00:44:58","modified_gmt":"2026-03-31T17:44:58","slug":"sun-glow-hk004","status":"publish","type":"product","link":"https:\/\/hemkinh.azdigi.shop\/?product=sun-glow-hk004","title":{"rendered":"Sun Glow &#8211; HK004"},"content":{"rendered":"<div class=\"relative basis-auto flex-col -mb-(--composer-overlap-px) pb-(--composer-overlap-px) [--composer-overlap-px:28px] grow flex\">\n<div class=\"flex flex-col text-sm pb-25\">\n<section class=\"text-token-text-primary w-full focus:outline-none [--shadow-height:45px] has-data-writing-block:pointer-events-none has-data-writing-block:-mt-(--shadow-height) has-data-writing-block:pt-(--shadow-height) [&amp;:has([data-writing-block])&gt;*]:pointer-events-auto scroll-mt-[calc(var(--header-height)+min(200px,max(70px,20svh)))]\" dir=\"auto\" data-turn-id=\"request-WEB:15be306b-6aff-4630-b0a9-5ae7b8728e85-80\" data-testid=\"conversation-turn-12\" data-scroll-anchor=\"true\" data-turn=\"assistant\">\n<div class=\"text-base my-auto mx-auto pb-10 [--thread-content-margin:var(--thread-content-margin-xs,calc(var(--spacing)*4))] @w-sm\/main:[--thread-content-margin:var(--thread-content-margin-sm,calc(var(--spacing)*6))] @w-lg\/main:[--thread-content-margin:var(--thread-content-margin-lg,calc(var(--spacing)*16))] px-(--thread-content-margin)\">\n<div class=\"[--thread-content-max-width:40rem] @w-lg\/main:[--thread-content-max-width:48rem] mx-auto max-w-(--thread-content-max-width) flex-1 group\/turn-messages focus-visible:outline-hidden relative flex w-full min-w-0 flex-col agent-turn\">\n<div class=\"flex max-w-full flex-col gap-4 grow\">\n<div class=\"min-h-8 text-message relative flex w-full flex-col items-end gap-2 text-start break-words whitespace-normal outline-none keyboard-focused:focus-ring [.text-message+&amp;]:mt-1\" dir=\"auto\" tabindex=\"0\" data-message-author-role=\"assistant\" data-message-id=\"7e7fc495-c5f4-409e-bf9e-1a20104770ae\" data-message-model-slug=\"gpt-5-3\" data-turn-start-message=\"true\">\n<div class=\"flex w-full flex-col gap-1 empty:hidden\">\n<div class=\"markdown prose dark:prose-invert w-full wrap-break-word light markdown-new-styling\">\n<h2 data-start=\"81\" data-end=\"134\">\ud83d\ude0e <strong>K\u00cdNH R\u00c2M SUN GLOW HK004\u00a0<\/strong><\/h2>\n<p data-start=\"136\" data-end=\"210\">Thi\u1ebft k\u1ebf vu\u00f4ng bo g\u00f3c hi\u1ec7n \u0111\u1ea1i, mang \u0111\u1ebfn v\u1ebb ngo\u00e0i c\u00e1 t\u00ednh v\u00e0 thanh l\u1ecbch. Ph\u00f9 h\u1ee3p nhi\u1ec1u phong c\u00e1ch, t\u1eeb tr\u1ebb trung n\u0103ng \u0111\u1ed9ng \u0111\u1ebfn sang tr\u1ecdng, th\u1eddi th\u01b0\u1ee3ng. G\u1ecdng k\u00ednh l\u00e0m t\u1eeb nh\u1ef1a TR cao c\u1ea5p, b\u1ec1n nh\u1eb9 v\u00e0 c\u00f3 \u0111\u1ed9 \u0111\u00e0n h\u1ed3i t\u1ed1t. Ch\u1ea5t li\u1ec7u gi\u00fap \u0111eo l\u00e2u tho\u1ea3i m\u00e1i, kh\u00f4ng g\u00e2y \u0111au tai hay kh\u00f3 ch\u1ecbu. B\u1ea3n l\u1ec1 kim lo\u1ea1i tinh t\u1ebf t\u1ea1o \u0111i\u1ec3m nh\u1ea5n n\u1ed5i b\u1eadt v\u00e0 t\u0103ng \u0111\u1ed9 ch\u1eafc ch\u1eafn. Thi\u1ebft k\u1ebf t\u1ed5ng th\u1ec3 h\u00e0i h\u00f2a, mang l\u1ea1i c\u1ea3m gi\u00e1c hi\u1ec7n \u0111\u1ea1i v\u00e0 cao c\u1ea5p.<\/p>\n<p data-start=\"136\" data-end=\"210\">T\u00f4ng \u0111en b\u00f3ng k\u1ebft h\u1ee3p tr\u00f2ng \u0111en\/n\u00e2u t\u1ea1o v\u1ebb sang tr\u1ecdng, d\u1ec5 ph\u1ed1i \u0111\u1ed3. M\u00e0u s\u1eafc basic, ph\u00f9 h\u1ee3p nhi\u1ec1u outfit v\u00e0 kh\u00f4ng bao gi\u1edd l\u1ed7i m\u1ed1t. Tr\u00f2ng k\u00ednh h\u1ed7 tr\u1ee3 ch\u1ed1ng tia UV400, b\u1ea3o v\u1ec7 m\u1eaft khi di chuy\u1ec3n ngo\u00e0i tr\u1eddi. Ph\u00f9 h\u1ee3p s\u1eed d\u1ee5ng khi \u0111i ch\u01a1i, du l\u1ecbch, l\u00e1i xe ho\u1eb7c ho\u1ea1t \u0111\u1ed9ng h\u00e0ng ng\u00e0y.<\/p>\n<p data-start=\"136\" data-end=\"210\"><img loading=\"lazy\" decoding=\"async\" class=\" wp-image-775 aligncenter\" src=\"https:\/\/hemkinh.azdigi.shop\/wp-content\/uploads\/2026\/03\/6834b87a965a86c0cdb9d903126f8518-237x300.jpg\" alt=\"\" width=\"463\" height=\"586\" srcset=\"https:\/\/hemkinh.azdigi.shop\/wp-content\/uploads\/2026\/03\/6834b87a965a86c0cdb9d903126f8518-237x300.jpg 237w, https:\/\/hemkinh.azdigi.shop\/wp-content\/uploads\/2026\/03\/6834b87a965a86c0cdb9d903126f8518-600x758.jpg 600w, https:\/\/hemkinh.azdigi.shop\/wp-content\/uploads\/2026\/03\/6834b87a965a86c0cdb9d903126f8518.jpg 750w\" sizes=\"auto, (max-width: 463px) 100vw, 463px\" \/><\/p>\n<h2 data-section-id=\"1284pk8\" data-start=\"743\" data-end=\"771\"><span role=\"text\">\u2728 <strong data-start=\"749\" data-end=\"771\">Th\u00f4ng tin chi ti\u1ebft<\/strong><\/span><\/h2>\n<ul data-start=\"772\" data-end=\"1094\">\n<li data-section-id=\"q68klo\" data-start=\"772\" data-end=\"808\">T\u00ean s\u1ea3n ph\u1ea9m: Sun Glow HK004<\/li>\n<li data-section-id=\"197zol9\" data-start=\"809\" data-end=\"853\">M\u00e0u s\u1eafc: G\u1ecdng \u0111en b\u00f3ng \u2013 m\u1eaft \u0111en\/n\u00e2u<\/li>\n<li data-section-id=\"oiu03d\" data-start=\"854\" data-end=\"906\">Ch\u1ea5t li\u1ec7u: Nh\u1ef1a TR cao c\u1ea5p + b\u1ea3n l\u1ec1 kim lo\u1ea1i<\/li>\n<li data-section-id=\"ggp02n\" data-start=\"907\" data-end=\"947\">Ki\u1ec3u d\u00e1ng: Vu\u00f4ng bo g\u00f3c hi\u1ec7n \u0111\u1ea1i<\/li>\n<li data-section-id=\"14gil43\" data-start=\"948\" data-end=\"989\">Tr\u00f2ng k\u00ednh: 0 \u0111\u1ed9, ch\u1ed1ng tia UV400<\/li>\n<li data-section-id=\"19d89dt\" data-start=\"990\" data-end=\"1052\">T\u00ednh n\u0103ng: B\u1ea3o v\u1ec7 m\u1eaft khi \u0111i n\u1eafng, c\u00f3 th\u1ec3 c\u1eaft k\u00ednh c\u1eadn<\/li>\n<li data-section-id=\"n2sk6e\" data-start=\"1053\" data-end=\"1094\">Ph\u00f9 h\u1ee3p khu\u00f4n m\u1eb7t: M\u1eb7t tr\u00f2n, oval<\/li>\n<\/ul>\n<\/div>\n<\/div>\n<\/div>\n<\/div>\n<div class=\"z-0 flex min-h-[46px] justify-start\">\n<h3 data-section-id=\"11gf1p6\" data-start=\"1101\" data-end=\"1124\"><span role=\"text\">\ud83c\udf1e <strong data-start=\"1108\" data-end=\"1124\">\u0110i\u1ec3m n\u1ed5i b\u1eadt<\/strong><\/span><\/h3>\n<ul data-start=\"1125\" data-end=\"1317\">\n<li data-section-id=\"19lye0y\" data-start=\"1125\" data-end=\"1177\">Thi\u1ebft k\u1ebf th\u1eddi trang \u2013 d\u1ec5 \u0111eo \u2013 kh\u00f4ng k\u00e9n m\u1eb7t<\/li>\n<li data-section-id=\"h02mb5\" data-start=\"1178\" data-end=\"1218\">Ch\u1ea5t li\u1ec7u nh\u1eb9, \u0111eo l\u00e2u kh\u00f4ng \u0111au tai<\/li>\n<li data-section-id=\"18d17ib\" data-start=\"1219\" data-end=\"1270\">Ch\u1ed1ng UV400, b\u1ea3o v\u1ec7 m\u1eaft t\u1ed1i \u0111a khi ra ngo\u00e0i<\/li>\n<li data-section-id=\"amaxdo\" data-start=\"1271\" data-end=\"1317\">Ph\u00f9 h\u1ee3p \u0111i ch\u01a1i, du l\u1ecbch, l\u00e1i xe h\u00e0ng ng\u00e0y<\/li>\n<\/ul>\n<\/div>\n<div class=\"mt-3 w-full empty:hidden\">\n<div class=\"text-center\"><\/div>\n<\/div>\n<\/div>\n<\/div>\n<\/section>\n<\/div>\n<div class=\"pointer-events-none h-px w-px absolute bottom-0\" aria-hidden=\"true\" data-edge=\"true\"><\/div>\n<\/div>\n<div id=\"thread-bottom-container\" class=\"sticky bottom-0 z-10 group\/thread-bottom-container relative isolate w-full basis-auto has-data-has-thread-error:pt-2 has-data-has-thread-error:[box-shadow:var(--sharp-edge-bottom-shadow)] md:border-transparent md:pt-0 dark:border-white\/20 md:dark:border-transparent print:hidden content-fade single-line flex flex-col\">\n<div class=\"relative mx-auto h-0\">\n<div><\/div>\n<\/div>\n<div id=\"thread-bottom\">\n<div>\n<div class=\"text-base mx-auto [--thread-content-margin:var(--thread-content-margin-xs,calc(var(--spacing)*4))] @w-sm\/main:[--thread-content-margin:var(--thread-content-margin-sm,calc(var(--spacing)*6))] @w-lg\/main:[--thread-content-margin:var(--thread-content-margin-lg,calc(var(--spacing)*16))] px-(--thread-content-margin)\">\n<div class=\"[--thread-content-max-width:40rem] @w-lg\/main:[--thread-content-max-width:48rem] mx-auto max-w-(--thread-content-max-width) flex-1 mb-[var(--thread-component-gap,1rem)]\">\n<div class=\"pointer-events-auto relative z-1 flex h-(--composer-container-height,100%) max-w-full flex-(--composer-container-flex,1) flex-col\">\n<form class=\"group\/composer w-full\" data-type=\"unified-composer\" aria-label=\"Tr\u00f2 chuy\u1ec7n v\u1edbi ChatGPT\" data-gtm-form-interact-id=\"5\">\n<div class=\"\">\n<div class=\"bg-token-bg-primary corner-superellipse\/1.1 cursor-text overflow-clip bg-clip-padding p-2.5 contain-inline-size motion-safe:transition-colors motion-safe:duration-200 motion-safe:ease-in-out dark:bg-[#303030] grid grid-cols-[auto_1fr_auto] [grid-template-areas:'header_header_header'_'leading_primary_trailing'_'._footer_.'] group-data-expanded\/composer:[grid-template-areas:'header_header_header'_'primary_primary_primary'_'leading_footer_trailing'] shadow-short-composer\" data-composer-surface=\"true\">\n<div class=\"-my-2.5 flex min-h-14 items-center overflow-x-hidden px-1.5 [grid-area:primary] group-data-expanded\/composer:mb-0 group-data-expanded\/composer:px-2.5\">\n<div class=\"wcDTda_prosemirror-parent text-token-text-primary max-h-[max(30svh,5rem)] max-h-52 min-h-[var(--deep-research-composer-extra-height,unset)] flex-1 overflow-auto [scrollbar-width:thin] default-browser vertical-scroll-fade-mask\"><\/div>\n<\/div>\n<\/div>\n<\/div>\n<\/form>\n<\/div>\n<\/div>\n<\/div>\n<\/div>\n<\/div>\n<\/div>\n","protected":false},"excerpt":{"rendered":"<p>\ud83d\ude0e K\u00cdNH R\u00c2M SUN GLOW HK004\u00a0 Thi\u1ebft k\u1ebf vu\u00f4ng bo g\u00f3c hi\u1ec7n \u0111\u1ea1i, mang \u0111\u1ebfn v\u1ebb ngo\u00e0i c\u00e1 t\u00ednh v\u00e0 thanh l\u1ecbch. Ph\u00f9 h\u1ee3p nhi\u1ec1u phong c\u00e1ch, t\u1eeb tr\u1ebb trung n\u0103ng \u0111\u1ed9ng \u0111\u1ebfn sang tr\u1ecdng, th\u1eddi th\u01b0\u1ee3ng. G\u1ecdng k\u00ednh l\u00e0m t\u1eeb nh\u1ef1a TR cao c\u1ea5p, b\u1ec1n nh\u1eb9 v\u00e0 c\u00f3 \u0111\u1ed9 \u0111\u00e0n h\u1ed3i t\u1ed1t. Ch\u1ea5t li\u1ec7u [&#8230;]\n","protected":false},"featured_media":774,"comment_status":"open","ping_status":"closed","template":"","meta":[],"product_brand":[37],"product_cat":[20],"product_tag":[],"class_list":{"0":"post-773","1":"product","2":"type-product","3":"status-publish","4":"has-post-thumbnail","6":"product_brand-gigi","7":"product_cat-kinh-mat","9":"first","10":"instock","11":"shipping-taxable","12":"purchasable","13":"product-type-variable"},"yoast_head":"<!-- This site is optimized with the Yoast SEO plugin v26.9 - https:\/\/yoast.com\/product\/yoast-seo-wordpress\/ -->\n<title>Sun Glow - HK004 - hemkinh<\/title>\n<meta name=\"description\" content=\"K\u00ednh r\u00e2m Sun Glow HK004 thi\u1ebft k\u1ebf vu\u00f4ng bo g\u00f3c hi\u1ec7n \u0111\u1ea1i, g\u1ecdng TR nh\u1eb9 b\u1ec1n, tr\u00f2ng UV400 b\u1ea3o v\u1ec7 m\u1eaft, t\u00f4ng \u0111en sang tr\u1ecdng, d\u1ec5 ph\u1ed1i \u0111\u1ed3, ph\u00f9 h\u1ee3p nhi\u1ec1u phong c\u00e1ch.\" \/>\n<meta name=\"robots\" content=\"index, follow, max-snippet:-1, max-image-preview:large, max-video-preview:-1\" \/>\n<link rel=\"canonical\" href=\"https:\/\/hemkinh.azdigi.shop\/index.php\/san-pham\/sun-glow-hk004\/\" \/>\n<meta property=\"og:locale\" content=\"vi_VN\" \/>\n<meta property=\"og:type\" content=\"article\" \/>\n<meta property=\"og:title\" content=\"Sun Glow - HK004 - hemkinh\" \/>\n<meta property=\"og:description\" content=\"K\u00ednh r\u00e2m Sun Glow HK004 thi\u1ebft k\u1ebf vu\u00f4ng bo g\u00f3c hi\u1ec7n \u0111\u1ea1i, g\u1ecdng TR nh\u1eb9 b\u1ec1n, tr\u00f2ng UV400 b\u1ea3o v\u1ec7 m\u1eaft, t\u00f4ng \u0111en sang tr\u1ecdng, d\u1ec5 ph\u1ed1i \u0111\u1ed3, ph\u00f9 h\u1ee3p nhi\u1ec1u phong c\u00e1ch.\" \/>\n<meta property=\"og:url\" content=\"https:\/\/hemkinh.azdigi.shop\/index.php\/san-pham\/sun-glow-hk004\/\" \/>\n<meta property=\"og:site_name\" content=\"hemkinh\" \/>\n<meta property=\"article:modified_time\" content=\"2026-03-31T17:44:58+00:00\" \/>\n<meta property=\"og:image\" content=\"https:\/\/hemkinh.azdigi.shop\/wp-content\/uploads\/2026\/03\/Sea8138024ab54ff392b662aa35c2b95ag.jpg\" \/>\n\t<meta property=\"og:image:width\" content=\"1500\" \/>\n\t<meta property=\"og:image:height\" content=\"2000\" \/>\n\t<meta property=\"og:image:type\" content=\"image\/jpeg\" \/>\n<meta name=\"twitter:card\" content=\"summary_large_image\" \/>\n<meta name=\"twitter:label1\" content=\"\u01af\u1edbc t\u00ednh th\u1eddi gian \u0111\u1ecdc\" \/>\n\t<meta name=\"twitter:data1\" content=\"2 ph\u00fat\" \/>\n<script type=\"application\/ld+json\" class=\"yoast-schema-graph\">{\"@context\":\"https:\/\/schema.org\",\"@graph\":[{\"@type\":\"WebPage\",\"@id\":\"https:\/\/hemkinh.azdigi.shop\/index.php\/san-pham\/sun-glow-hk004\/\",\"url\":\"https:\/\/hemkinh.azdigi.shop\/index.php\/san-pham\/sun-glow-hk004\/\",\"name\":\"Sun Glow - HK004 - hemkinh\",\"isPartOf\":{\"@id\":\"https:\/\/hemkinh.azdigi.shop\/#website\"},\"primaryImageOfPage\":{\"@id\":\"https:\/\/hemkinh.azdigi.shop\/index.php\/san-pham\/sun-glow-hk004\/#primaryimage\"},\"image\":{\"@id\":\"https:\/\/hemkinh.azdigi.shop\/index.php\/san-pham\/sun-glow-hk004\/#primaryimage\"},\"thumbnailUrl\":\"https:\/\/hemkinh.azdigi.shop\/wp-content\/uploads\/2026\/03\/Sea8138024ab54ff392b662aa35c2b95ag.jpg\",\"datePublished\":\"2026-03-31T17:06:40+00:00\",\"dateModified\":\"2026-03-31T17:44:58+00:00\",\"description\":\"K\u00ednh r\u00e2m Sun Glow HK004 thi\u1ebft k\u1ebf vu\u00f4ng bo g\u00f3c hi\u1ec7n \u0111\u1ea1i, g\u1ecdng TR nh\u1eb9 b\u1ec1n, tr\u00f2ng UV400 b\u1ea3o v\u1ec7 m\u1eaft, t\u00f4ng \u0111en sang tr\u1ecdng, d\u1ec5 ph\u1ed1i \u0111\u1ed3, ph\u00f9 h\u1ee3p nhi\u1ec1u phong c\u00e1ch.\",\"breadcrumb\":{\"@id\":\"https:\/\/hemkinh.azdigi.shop\/index.php\/san-pham\/sun-glow-hk004\/#breadcrumb\"},\"inLanguage\":\"vi\",\"potentialAction\":[{\"@type\":\"ReadAction\",\"target\":[\"https:\/\/hemkinh.azdigi.shop\/index.php\/san-pham\/sun-glow-hk004\/\"]}]},{\"@type\":\"ImageObject\",\"inLanguage\":\"vi\",\"@id\":\"https:\/\/hemkinh.azdigi.shop\/index.php\/san-pham\/sun-glow-hk004\/#primaryimage\",\"url\":\"https:\/\/hemkinh.azdigi.shop\/wp-content\/uploads\/2026\/03\/Sea8138024ab54ff392b662aa35c2b95ag.jpg\",\"contentUrl\":\"https:\/\/hemkinh.azdigi.shop\/wp-content\/uploads\/2026\/03\/Sea8138024ab54ff392b662aa35c2b95ag.jpg\",\"width\":1500,\"height\":2000},{\"@type\":\"BreadcrumbList\",\"@id\":\"https:\/\/hemkinh.azdigi.shop\/index.php\/san-pham\/sun-glow-hk004\/#breadcrumb\",\"itemListElement\":[{\"@type\":\"ListItem\",\"position\":1,\"name\":\"Trang ch\u1ee7\",\"item\":\"https:\/\/hemkinh.azdigi.shop\/\"},{\"@type\":\"ListItem\",\"position\":2,\"name\":\"B\u1ed9 s\u01b0u t\u1eadp\",\"item\":\"https:\/\/hemkinh.azdigi.shop\/?page_id=339\"},{\"@type\":\"ListItem\",\"position\":3,\"name\":\"Sun Glow &#8211; HK004\"}]},{\"@type\":\"WebSite\",\"@id\":\"https:\/\/hemkinh.azdigi.shop\/#website\",\"url\":\"https:\/\/hemkinh.azdigi.shop\/\",\"name\":\"hemkinh\",\"description\":\"\",\"publisher\":{\"@id\":\"https:\/\/hemkinh.azdigi.shop\/#organization\"},\"potentialAction\":[{\"@type\":\"SearchAction\",\"target\":{\"@type\":\"EntryPoint\",\"urlTemplate\":\"https:\/\/hemkinh.azdigi.shop\/?s={search_term_string}\"},\"query-input\":{\"@type\":\"PropertyValueSpecification\",\"valueRequired\":true,\"valueName\":\"search_term_string\"}}],\"inLanguage\":\"vi\"},{\"@type\":\"Organization\",\"@id\":\"https:\/\/hemkinh.azdigi.shop\/#organization\",\"name\":\"hemkinh\",\"url\":\"https:\/\/hemkinh.azdigi.shop\/\",\"logo\":{\"@type\":\"ImageObject\",\"inLanguage\":\"vi\",\"@id\":\"https:\/\/hemkinh.azdigi.shop\/#\/schema\/logo\/image\/\",\"url\":\"https:\/\/hemkinh.azdigi.shop\/wp-content\/uploads\/2026\/03\/b6fc8f68-8452-4d6f-8f3e-038287a0aca6.png\",\"contentUrl\":\"https:\/\/hemkinh.azdigi.shop\/wp-content\/uploads\/2026\/03\/b6fc8f68-8452-4d6f-8f3e-038287a0aca6.png\",\"width\":1020,\"height\":680,\"caption\":\"hemkinh\"},\"image\":{\"@id\":\"https:\/\/hemkinh.azdigi.shop\/#\/schema\/logo\/image\/\"}}]}<\/script>\n<!-- \/ Yoast SEO plugin. -->","yoast_head_json":{"title":"Sun Glow - HK004 - hemkinh","description":"K\u00ednh r\u00e2m Sun Glow HK004 thi\u1ebft k\u1ebf vu\u00f4ng bo g\u00f3c hi\u1ec7n \u0111\u1ea1i, g\u1ecdng TR nh\u1eb9 b\u1ec1n, tr\u00f2ng UV400 b\u1ea3o v\u1ec7 m\u1eaft, t\u00f4ng \u0111en sang tr\u1ecdng, d\u1ec5 ph\u1ed1i \u0111\u1ed3, ph\u00f9 h\u1ee3p nhi\u1ec1u phong c\u00e1ch.","robots":{"index":"index","follow":"follow","max-snippet":"max-snippet:-1","max-image-preview":"max-image-preview:large","max-video-preview":"max-video-preview:-1"},"canonical":"https:\/\/hemkinh.azdigi.shop\/index.php\/san-pham\/sun-glow-hk004\/","og_locale":"vi_VN","og_type":"article","og_title":"Sun Glow - HK004 - hemkinh","og_description":"K\u00ednh r\u00e2m Sun Glow HK004 thi\u1ebft k\u1ebf vu\u00f4ng bo g\u00f3c hi\u1ec7n \u0111\u1ea1i, g\u1ecdng TR nh\u1eb9 b\u1ec1n, tr\u00f2ng UV400 b\u1ea3o v\u1ec7 m\u1eaft, t\u00f4ng \u0111en sang tr\u1ecdng, d\u1ec5 ph\u1ed1i \u0111\u1ed3, ph\u00f9 h\u1ee3p nhi\u1ec1u phong c\u00e1ch.","og_url":"https:\/\/hemkinh.azdigi.shop\/index.php\/san-pham\/sun-glow-hk004\/","og_site_name":"hemkinh","article_modified_time":"2026-03-31T17:44:58+00:00","og_image":[{"width":1500,"height":2000,"url":"https:\/\/hemkinh.azdigi.shop\/wp-content\/uploads\/2026\/03\/Sea8138024ab54ff392b662aa35c2b95ag.jpg","type":"image\/jpeg"}],"twitter_card":"summary_large_image","twitter_misc":{"\u01af\u1edbc t\u00ednh th\u1eddi gian \u0111\u1ecdc":"2 ph\u00fat"},"schema":{"@context":"https:\/\/schema.org","@graph":[{"@type":"WebPage","@id":"https:\/\/hemkinh.azdigi.shop\/index.php\/san-pham\/sun-glow-hk004\/","url":"https:\/\/hemkinh.azdigi.shop\/index.php\/san-pham\/sun-glow-hk004\/","name":"Sun Glow - HK004 - hemkinh","isPartOf":{"@id":"https:\/\/hemkinh.azdigi.shop\/#website"},"primaryImageOfPage":{"@id":"https:\/\/hemkinh.azdigi.shop\/index.php\/san-pham\/sun-glow-hk004\/#primaryimage"},"image":{"@id":"https:\/\/hemkinh.azdigi.shop\/index.php\/san-pham\/sun-glow-hk004\/#primaryimage"},"thumbnailUrl":"https:\/\/hemkinh.azdigi.shop\/wp-content\/uploads\/2026\/03\/Sea8138024ab54ff392b662aa35c2b95ag.jpg","datePublished":"2026-03-31T17:06:40+00:00","dateModified":"2026-03-31T17:44:58+00:00","description":"K\u00ednh r\u00e2m Sun Glow HK004 thi\u1ebft k\u1ebf vu\u00f4ng bo g\u00f3c hi\u1ec7n \u0111\u1ea1i, g\u1ecdng TR nh\u1eb9 b\u1ec1n, tr\u00f2ng UV400 b\u1ea3o v\u1ec7 m\u1eaft, t\u00f4ng \u0111en sang tr\u1ecdng, d\u1ec5 ph\u1ed1i \u0111\u1ed3, ph\u00f9 h\u1ee3p nhi\u1ec1u phong c\u00e1ch.","breadcrumb":{"@id":"https:\/\/hemkinh.azdigi.shop\/index.php\/san-pham\/sun-glow-hk004\/#breadcrumb"},"inLanguage":"vi","potentialAction":[{"@type":"ReadAction","target":["https:\/\/hemkinh.azdigi.shop\/index.php\/san-pham\/sun-glow-hk004\/"]}]},{"@type":"ImageObject","inLanguage":"vi","@id":"https:\/\/hemkinh.azdigi.shop\/index.php\/san-pham\/sun-glow-hk004\/#primaryimage","url":"https:\/\/hemkinh.azdigi.shop\/wp-content\/uploads\/2026\/03\/Sea8138024ab54ff392b662aa35c2b95ag.jpg","contentUrl":"https:\/\/hemkinh.azdigi.shop\/wp-content\/uploads\/2026\/03\/Sea8138024ab54ff392b662aa35c2b95ag.jpg","width":1500,"height":2000},{"@type":"BreadcrumbList","@id":"https:\/\/hemkinh.azdigi.shop\/index.php\/san-pham\/sun-glow-hk004\/#breadcrumb","itemListElement":[{"@type":"ListItem","position":1,"name":"Trang ch\u1ee7","item":"https:\/\/hemkinh.azdigi.shop\/"},{"@type":"ListItem","position":2,"name":"B\u1ed9 s\u01b0u t\u1eadp","item":"https:\/\/hemkinh.azdigi.shop\/?page_id=339"},{"@type":"ListItem","position":3,"name":"Sun Glow &#8211; HK004"}]},{"@type":"WebSite","@id":"https:\/\/hemkinh.azdigi.shop\/#website","url":"https:\/\/hemkinh.azdigi.shop\/","name":"hemkinh","description":"","publisher":{"@id":"https:\/\/hemkinh.azdigi.shop\/#organization"},"potentialAction":[{"@type":"SearchAction","target":{"@type":"EntryPoint","urlTemplate":"https:\/\/hemkinh.azdigi.shop\/?s={search_term_string}"},"query-input":{"@type":"PropertyValueSpecification","valueRequired":true,"valueName":"search_term_string"}}],"inLanguage":"vi"},{"@type":"Organization","@id":"https:\/\/hemkinh.azdigi.shop\/#organization","name":"hemkinh","url":"https:\/\/hemkinh.azdigi.shop\/","logo":{"@type":"ImageObject","inLanguage":"vi","@id":"https:\/\/hemkinh.azdigi.shop\/#\/schema\/logo\/image\/","url":"https:\/\/hemkinh.azdigi.shop\/wp-content\/uploads\/2026\/03\/b6fc8f68-8452-4d6f-8f3e-038287a0aca6.png","contentUrl":"https:\/\/hemkinh.azdigi.shop\/wp-content\/uploads\/2026\/03\/b6fc8f68-8452-4d6f-8f3e-038287a0aca6.png","width":1020,"height":680,"caption":"hemkinh"},"image":{"@id":"https:\/\/hemkinh.azdigi.shop\/#\/schema\/logo\/image\/"}}]}},"_links":{"self":[{"href":"https:\/\/hemkinh.azdigi.shop\/index.php?rest_route=\/wp\/v2\/product\/773","targetHints":{"allow":["GET"]}}],"collection":[{"href":"https:\/\/hemkinh.azdigi.shop\/index.php?rest_route=\/wp\/v2\/product"}],"about":[{"href":"https:\/\/hemkinh.azdigi.shop\/index.php?rest_route=\/wp\/v2\/types\/product"}],"replies":[{"embeddable":true,"href":"https:\/\/hemkinh.azdigi.shop\/index.php?rest_route=%2Fwp%2Fv2%2Fcomments&post=773"}],"wp:featuredmedia":[{"embeddable":true,"href":"https:\/\/hemkinh.azdigi.shop\/index.php?rest_route=\/wp\/v2\/media\/774"}],"wp:attachment":[{"href":"https:\/\/hemkinh.azdigi.shop\/index.php?rest_route=%2Fwp%2Fv2%2Fmedia&parent=773"}],"wp:term":[{"taxonomy":"product_brand","embeddable":true,"href":"https:\/\/hemkinh.azdigi.shop\/index.php?rest_route=%2Fwp%2Fv2%2Fproduct_brand&post=773"},{"taxonomy":"product_cat","embeddable":true,"href":"https:\/\/hemkinh.azdigi.shop\/index.php?rest_route=%2Fwp%2Fv2%2Fproduct_cat&post=773"},{"taxonomy":"product_tag","embeddable":true,"href":"https:\/\/hemkinh.azdigi.shop\/index.php?rest_route=%2Fwp%2Fv2%2Fproduct_tag&post=773"}],"curies":[{"name":"wp","href":"https:\/\/api.w.org\/{rel}","templated":true}]}}