{"id":837,"date":"2026-04-01T19:54:04","date_gmt":"2026-04-01T12:54:04","guid":{"rendered":"https:\/\/hemkinh.azdigi.shop\/?post_type=product&#038;p=837"},"modified":"2026-04-01T19:54:04","modified_gmt":"2026-04-01T12:54:04","slug":"gong-kinh-tron-srn-bulonie-hk055","status":"publish","type":"product","link":"https:\/\/hemkinh.azdigi.shop\/?product=gong-kinh-tron-srn-bulonie-hk055","title":{"rendered":"G\u1ecdng K\u00ednh Tr\u00f2n SRN Bulonie &#8211; HK055"},"content":{"rendered":"<h2 data-section-id=\"d7v0cn\" data-start=\"53\" data-end=\"119\"><span role=\"text\">\ud83d\udc53 <strong data-start=\"59\" data-end=\"119\">G\u1eccNG K\u00cdNH TR\u00d2N SRN BULONIE \u2013 HK055 | TR\u1eba TRUNG &amp; TINH T\u1ebe<\/strong><\/span><\/h2>\n<p data-start=\"121\" data-end=\"228\">G\u1ecdng k\u00ednh SRN Bulonie HK055 n\u1ed5i b\u1eadt v\u1edbi thi\u1ebft k\u1ebf tr\u00f2n c\u1ed5 \u0111i\u1ec3n, mang l\u1ea1i v\u1ebb ngo\u00e0i tr\u1ebb trung v\u00e0 th\u1eddi trang.<\/p>\n<p data-start=\"230\" data-end=\"329\">Ch\u1ea5t li\u1ec7u kim lo\u1ea1i cao c\u1ea5p gi\u00fap g\u1ecdng ch\u1eafc ch\u1eafn nh\u01b0ng v\u1eabn nh\u1eb9, t\u1ea1o c\u1ea3m gi\u00e1c tho\u1ea3i m\u00e1i khi \u0111eo l\u00e2u.<\/p>\n<p data-start=\"331\" data-end=\"402\">Ph\u1ea7n c\u00e0ng k\u00ednh ph\u1ed1i m\u00e0u tinh t\u1ebf, t\u1ea1o \u0111i\u1ec3m nh\u1ea5n hi\u1ec7n \u0111\u1ea1i v\u00e0 kh\u00e1c bi\u1ec7t.<\/p>\n<p data-start=\"404\" data-end=\"494\">Form k\u00ednh tr\u00f2n gi\u00fap c\u00e2n \u0111\u1ed1i khu\u00f4n m\u1eb7t, \u0111\u1eb7c bi\u1ec7t ph\u00f9 h\u1ee3p v\u1edbi ng\u01b0\u1eddi c\u00f3 khu\u00f4n m\u1eb7t g\u00f3c c\u1ea1nh.<\/p>\n<p data-start=\"496\" data-end=\"577\">D\u1ec5 d\u00e0ng s\u1eed d\u1ee5ng trong nhi\u1ec1u ho\u00e0n c\u1ea3nh nh\u01b0 \u0111i h\u1ecdc, \u0111i l\u00e0m hay d\u1ea1o ph\u1ed1 h\u00e0ng ng\u00e0y.<\/p>\n<hr data-start=\"579\" data-end=\"582\" \/>\n<h3 data-section-id=\"1284pk8\" data-start=\"584\" data-end=\"612\"><span role=\"text\">\u2728 <strong data-start=\"590\" data-end=\"612\">Th\u00f4ng tin chi ti\u1ebft<\/strong><\/span><\/h3>\n<ul data-start=\"613\" data-end=\"817\">\n<li data-section-id=\"lw8bwg\" data-start=\"613\" data-end=\"669\">T\u00ean s\u1ea3n ph\u1ea9m: G\u1ecdng K\u00ednh Tr\u00f2n SRN Bulonie \u2013 HK055<\/li>\n<li data-section-id=\"1m38mij\" data-start=\"670\" data-end=\"697\">Ch\u1ea5t li\u1ec7u: Kim lo\u1ea1i<\/li>\n<li data-section-id=\"rer1tc\" data-start=\"698\" data-end=\"721\">Ki\u1ec3u d\u00e1ng: Tr\u00f2n<\/li>\n<li data-section-id=\"195l6vs\" data-start=\"722\" data-end=\"763\">M\u00e0u s\u1eafc: Nhi\u1ec1u m\u00e0u (c\u00f3 ph\u1ed1i xanh)<\/li>\n<li data-section-id=\"1rx04p0\" data-start=\"764\" data-end=\"817\">Phong c\u00e1ch: Tr\u1ebb trung \u2013 hi\u1ec7n \u0111\u1ea1i \u2013 thanh l\u1ecbch<\/li>\n<\/ul>\n<hr data-start=\"819\" data-end=\"822\" \/>\n<h3 data-section-id=\"1dos9xc\" data-start=\"824\" data-end=\"849\"><span role=\"text\">\ud83d\udd25 <strong data-start=\"831\" data-end=\"847\">\u0110i\u1ec3m n\u1ed5i b\u1eadt<\/strong><\/span><\/h3>\n<ul data-start=\"850\" data-end=\"1172\">\n<li data-section-id=\"jtfgbk\" data-start=\"850\" data-end=\"935\">Thi\u1ebft k\u1ebf tr\u00f2n c\u1ed5 \u0111i\u1ec3n, gi\u00fap g\u01b0\u01a1ng m\u1eb7t h\u00e0i h\u00f2a v\u00e0 t\u1ea1o \u0111i\u1ec3m nh\u1ea5n th\u1eddi trang n\u1ed5i b\u1eadt<\/li>\n<li data-section-id=\"16p26k4\" data-start=\"936\" data-end=\"1019\">G\u1ecdng kim lo\u1ea1i nh\u1eb9, b\u1ec1n, mang l\u1ea1i c\u1ea3m gi\u00e1c tho\u1ea3i m\u00e1i khi \u0111eo trong th\u1eddi gian d\u00e0i<\/li>\n<li data-section-id=\"ssxab\" data-start=\"1020\" data-end=\"1102\">Ph\u00f9 h\u1ee3p nhi\u1ec1u \u0111\u1ed9 tu\u1ed5i, d\u1ec5 s\u1eed d\u1ee5ng cho h\u1ecdc t\u1eadp, l\u00e0m vi\u1ec7c ho\u1eb7c \u0111i ch\u01a1i h\u00e0ng ng\u00e0y<\/li>\n<li data-section-id=\"1w9f2ms\" data-start=\"1103\" data-end=\"1172\">D\u1ec5 ph\u1ed1i trang ph\u1ee5c, t\u1eeb phong c\u00e1ch \u0111\u01a1n gi\u1ea3n \u0111\u1ebfn c\u00e1 t\u00ednh, n\u0103ng \u0111\u1ed9ng<\/li>\n<\/ul>\n","protected":false},"excerpt":{"rendered":"<p>\ud83d\udc53 G\u1eccNG K\u00cdNH TR\u00d2N SRN BULONIE \u2013 HK055 | TR\u1eba TRUNG &amp; TINH T\u1ebe G\u1ecdng k\u00ednh SRN Bulonie HK055 n\u1ed5i b\u1eadt v\u1edbi thi\u1ebft k\u1ebf tr\u00f2n c\u1ed5 \u0111i\u1ec3n, mang l\u1ea1i v\u1ebb ngo\u00e0i tr\u1ebb trung v\u00e0 th\u1eddi trang. Ch\u1ea5t li\u1ec7u kim lo\u1ea1i cao c\u1ea5p gi\u00fap g\u1ecdng ch\u1eafc ch\u1eafn nh\u01b0ng v\u1eabn nh\u1eb9, t\u1ea1o c\u1ea3m gi\u00e1c tho\u1ea3i m\u00e1i khi [&#8230;]\n","protected":false},"featured_media":846,"comment_status":"open","ping_status":"closed","template":"","meta":[],"product_brand":[45],"product_cat":[43],"product_tag":[],"class_list":{"0":"post-837","1":"product","2":"type-product","3":"status-publish","4":"has-post-thumbnail","6":"product_brand-srn-bulonie","7":"product_cat-mau-kinh-moi","9":"first","10":"instock","11":"shipping-taxable","12":"purchasable","13":"product-type-variable"},"yoast_head":"<!-- This site is optimized with the Yoast SEO plugin v26.9 - https:\/\/yoast.com\/product\/yoast-seo-wordpress\/ -->\n<title>G\u1ecdng K\u00ednh Tr\u00f2n SRN Bulonie - HK055 - hemkinh<\/title>\n<meta name=\"description\" content=\"G\u1ecdng k\u00ednh tr\u00f2n SRN Bulonie HK055 thi\u1ebft k\u1ebf thanh l\u1ecbch, ch\u1ea5t li\u1ec7u kim lo\u1ea1i b\u1ec1n nh\u1eb9, form d\u1ec5 \u0111eo, ph\u00f9 h\u1ee3p nhi\u1ec1u phong c\u00e1ch v\u00e0 khu\u00f4n m\u1eb7t.\" \/>\n<meta name=\"robots\" content=\"index, follow, max-snippet:-1, max-image-preview:large, max-video-preview:-1\" \/>\n<link rel=\"canonical\" href=\"https:\/\/hemkinh.azdigi.shop\/index.php\/san-pham\/gong-kinh-tron-srn-bulonie-hk055\/\" \/>\n<meta property=\"og:locale\" content=\"vi_VN\" \/>\n<meta property=\"og:type\" content=\"article\" \/>\n<meta property=\"og:title\" content=\"G\u1ecdng K\u00ednh Tr\u00f2n SRN Bulonie - HK055 - hemkinh\" \/>\n<meta property=\"og:description\" content=\"G\u1ecdng k\u00ednh tr\u00f2n SRN Bulonie HK055 thi\u1ebft k\u1ebf thanh l\u1ecbch, ch\u1ea5t li\u1ec7u kim lo\u1ea1i b\u1ec1n nh\u1eb9, form d\u1ec5 \u0111eo, ph\u00f9 h\u1ee3p nhi\u1ec1u phong c\u00e1ch v\u00e0 khu\u00f4n m\u1eb7t.\" \/>\n<meta property=\"og:url\" content=\"https:\/\/hemkinh.azdigi.shop\/index.php\/san-pham\/gong-kinh-tron-srn-bulonie-hk055\/\" \/>\n<meta property=\"og:site_name\" content=\"hemkinh\" \/>\n<meta property=\"og:image\" content=\"https:\/\/hemkinh.azdigi.shop\/wp-content\/uploads\/2026\/04\/61da95eef06ae912852161a77ecf9c8b.jpg\" \/>\n\t<meta property=\"og:image:width\" content=\"1200\" \/>\n\t<meta property=\"og:image:height\" content=\"1598\" \/>\n\t<meta property=\"og:image:type\" content=\"image\/jpeg\" \/>\n<meta name=\"twitter:card\" content=\"summary_large_image\" \/>\n<meta name=\"twitter:label1\" content=\"\u01af\u1edbc t\u00ednh th\u1eddi gian \u0111\u1ecdc\" \/>\n\t<meta name=\"twitter:data1\" content=\"2 ph\u00fat\" \/>\n<script type=\"application\/ld+json\" class=\"yoast-schema-graph\">{\"@context\":\"https:\/\/schema.org\",\"@graph\":[{\"@type\":\"WebPage\",\"@id\":\"https:\/\/hemkinh.azdigi.shop\/index.php\/san-pham\/gong-kinh-tron-srn-bulonie-hk055\/\",\"url\":\"https:\/\/hemkinh.azdigi.shop\/index.php\/san-pham\/gong-kinh-tron-srn-bulonie-hk055\/\",\"name\":\"G\u1ecdng K\u00ednh Tr\u00f2n SRN Bulonie - HK055 - hemkinh\",\"isPartOf\":{\"@id\":\"https:\/\/hemkinh.azdigi.shop\/#website\"},\"primaryImageOfPage\":{\"@id\":\"https:\/\/hemkinh.azdigi.shop\/index.php\/san-pham\/gong-kinh-tron-srn-bulonie-hk055\/#primaryimage\"},\"image\":{\"@id\":\"https:\/\/hemkinh.azdigi.shop\/index.php\/san-pham\/gong-kinh-tron-srn-bulonie-hk055\/#primaryimage\"},\"thumbnailUrl\":\"https:\/\/hemkinh.azdigi.shop\/wp-content\/uploads\/2026\/04\/61da95eef06ae912852161a77ecf9c8b.jpg\",\"datePublished\":\"2026-04-01T12:54:04+00:00\",\"description\":\"G\u1ecdng k\u00ednh tr\u00f2n SRN Bulonie HK055 thi\u1ebft k\u1ebf thanh l\u1ecbch, ch\u1ea5t li\u1ec7u kim lo\u1ea1i b\u1ec1n nh\u1eb9, form d\u1ec5 \u0111eo, ph\u00f9 h\u1ee3p nhi\u1ec1u phong c\u00e1ch v\u00e0 khu\u00f4n m\u1eb7t.\",\"breadcrumb\":{\"@id\":\"https:\/\/hemkinh.azdigi.shop\/index.php\/san-pham\/gong-kinh-tron-srn-bulonie-hk055\/#breadcrumb\"},\"inLanguage\":\"vi\",\"potentialAction\":[{\"@type\":\"ReadAction\",\"target\":[\"https:\/\/hemkinh.azdigi.shop\/index.php\/san-pham\/gong-kinh-tron-srn-bulonie-hk055\/\"]}]},{\"@type\":\"ImageObject\",\"inLanguage\":\"vi\",\"@id\":\"https:\/\/hemkinh.azdigi.shop\/index.php\/san-pham\/gong-kinh-tron-srn-bulonie-hk055\/#primaryimage\",\"url\":\"https:\/\/hemkinh.azdigi.shop\/wp-content\/uploads\/2026\/04\/61da95eef06ae912852161a77ecf9c8b.jpg\",\"contentUrl\":\"https:\/\/hemkinh.azdigi.shop\/wp-content\/uploads\/2026\/04\/61da95eef06ae912852161a77ecf9c8b.jpg\",\"width\":1200,\"height\":1598},{\"@type\":\"BreadcrumbList\",\"@id\":\"https:\/\/hemkinh.azdigi.shop\/index.php\/san-pham\/gong-kinh-tron-srn-bulonie-hk055\/#breadcrumb\",\"itemListElement\":[{\"@type\":\"ListItem\",\"position\":1,\"name\":\"Trang ch\u1ee7\",\"item\":\"https:\/\/hemkinh.azdigi.shop\/\"},{\"@type\":\"ListItem\",\"position\":2,\"name\":\"B\u1ed9 s\u01b0u t\u1eadp\",\"item\":\"https:\/\/hemkinh.azdigi.shop\/?page_id=339\"},{\"@type\":\"ListItem\",\"position\":3,\"name\":\"G\u1ecdng K\u00ednh Tr\u00f2n SRN Bulonie &#8211; HK055\"}]},{\"@type\":\"WebSite\",\"@id\":\"https:\/\/hemkinh.azdigi.shop\/#website\",\"url\":\"https:\/\/hemkinh.azdigi.shop\/\",\"name\":\"hemkinh\",\"description\":\"\",\"publisher\":{\"@id\":\"https:\/\/hemkinh.azdigi.shop\/#organization\"},\"potentialAction\":[{\"@type\":\"SearchAction\",\"target\":{\"@type\":\"EntryPoint\",\"urlTemplate\":\"https:\/\/hemkinh.azdigi.shop\/?s={search_term_string}\"},\"query-input\":{\"@type\":\"PropertyValueSpecification\",\"valueRequired\":true,\"valueName\":\"search_term_string\"}}],\"inLanguage\":\"vi\"},{\"@type\":\"Organization\",\"@id\":\"https:\/\/hemkinh.azdigi.shop\/#organization\",\"name\":\"hemkinh\",\"url\":\"https:\/\/hemkinh.azdigi.shop\/\",\"logo\":{\"@type\":\"ImageObject\",\"inLanguage\":\"vi\",\"@id\":\"https:\/\/hemkinh.azdigi.shop\/#\/schema\/logo\/image\/\",\"url\":\"https:\/\/hemkinh.azdigi.shop\/wp-content\/uploads\/2026\/03\/b6fc8f68-8452-4d6f-8f3e-038287a0aca6.png\",\"contentUrl\":\"https:\/\/hemkinh.azdigi.shop\/wp-content\/uploads\/2026\/03\/b6fc8f68-8452-4d6f-8f3e-038287a0aca6.png\",\"width\":1020,\"height\":680,\"caption\":\"hemkinh\"},\"image\":{\"@id\":\"https:\/\/hemkinh.azdigi.shop\/#\/schema\/logo\/image\/\"}}]}<\/script>\n<!-- \/ Yoast SEO plugin. -->","yoast_head_json":{"title":"G\u1ecdng K\u00ednh Tr\u00f2n SRN Bulonie - HK055 - hemkinh","description":"G\u1ecdng k\u00ednh tr\u00f2n SRN Bulonie HK055 thi\u1ebft k\u1ebf thanh l\u1ecbch, ch\u1ea5t li\u1ec7u kim lo\u1ea1i b\u1ec1n nh\u1eb9, form d\u1ec5 \u0111eo, ph\u00f9 h\u1ee3p nhi\u1ec1u phong c\u00e1ch v\u00e0 khu\u00f4n m\u1eb7t.","robots":{"index":"index","follow":"follow","max-snippet":"max-snippet:-1","max-image-preview":"max-image-preview:large","max-video-preview":"max-video-preview:-1"},"canonical":"https:\/\/hemkinh.azdigi.shop\/index.php\/san-pham\/gong-kinh-tron-srn-bulonie-hk055\/","og_locale":"vi_VN","og_type":"article","og_title":"G\u1ecdng K\u00ednh Tr\u00f2n SRN Bulonie - HK055 - hemkinh","og_description":"G\u1ecdng k\u00ednh tr\u00f2n SRN Bulonie HK055 thi\u1ebft k\u1ebf thanh l\u1ecbch, ch\u1ea5t li\u1ec7u kim lo\u1ea1i b\u1ec1n nh\u1eb9, form d\u1ec5 \u0111eo, ph\u00f9 h\u1ee3p nhi\u1ec1u phong c\u00e1ch v\u00e0 khu\u00f4n m\u1eb7t.","og_url":"https:\/\/hemkinh.azdigi.shop\/index.php\/san-pham\/gong-kinh-tron-srn-bulonie-hk055\/","og_site_name":"hemkinh","og_image":[{"width":1200,"height":1598,"url":"https:\/\/hemkinh.azdigi.shop\/wp-content\/uploads\/2026\/04\/61da95eef06ae912852161a77ecf9c8b.jpg","type":"image\/jpeg"}],"twitter_card":"summary_large_image","twitter_misc":{"\u01af\u1edbc t\u00ednh th\u1eddi gian \u0111\u1ecdc":"2 ph\u00fat"},"schema":{"@context":"https:\/\/schema.org","@graph":[{"@type":"WebPage","@id":"https:\/\/hemkinh.azdigi.shop\/index.php\/san-pham\/gong-kinh-tron-srn-bulonie-hk055\/","url":"https:\/\/hemkinh.azdigi.shop\/index.php\/san-pham\/gong-kinh-tron-srn-bulonie-hk055\/","name":"G\u1ecdng K\u00ednh Tr\u00f2n SRN Bulonie - HK055 - hemkinh","isPartOf":{"@id":"https:\/\/hemkinh.azdigi.shop\/#website"},"primaryImageOfPage":{"@id":"https:\/\/hemkinh.azdigi.shop\/index.php\/san-pham\/gong-kinh-tron-srn-bulonie-hk055\/#primaryimage"},"image":{"@id":"https:\/\/hemkinh.azdigi.shop\/index.php\/san-pham\/gong-kinh-tron-srn-bulonie-hk055\/#primaryimage"},"thumbnailUrl":"https:\/\/hemkinh.azdigi.shop\/wp-content\/uploads\/2026\/04\/61da95eef06ae912852161a77ecf9c8b.jpg","datePublished":"2026-04-01T12:54:04+00:00","description":"G\u1ecdng k\u00ednh tr\u00f2n SRN Bulonie HK055 thi\u1ebft k\u1ebf thanh l\u1ecbch, ch\u1ea5t li\u1ec7u kim lo\u1ea1i b\u1ec1n nh\u1eb9, form d\u1ec5 \u0111eo, ph\u00f9 h\u1ee3p nhi\u1ec1u phong c\u00e1ch v\u00e0 khu\u00f4n m\u1eb7t.","breadcrumb":{"@id":"https:\/\/hemkinh.azdigi.shop\/index.php\/san-pham\/gong-kinh-tron-srn-bulonie-hk055\/#breadcrumb"},"inLanguage":"vi","potentialAction":[{"@type":"ReadAction","target":["https:\/\/hemkinh.azdigi.shop\/index.php\/san-pham\/gong-kinh-tron-srn-bulonie-hk055\/"]}]},{"@type":"ImageObject","inLanguage":"vi","@id":"https:\/\/hemkinh.azdigi.shop\/index.php\/san-pham\/gong-kinh-tron-srn-bulonie-hk055\/#primaryimage","url":"https:\/\/hemkinh.azdigi.shop\/wp-content\/uploads\/2026\/04\/61da95eef06ae912852161a77ecf9c8b.jpg","contentUrl":"https:\/\/hemkinh.azdigi.shop\/wp-content\/uploads\/2026\/04\/61da95eef06ae912852161a77ecf9c8b.jpg","width":1200,"height":1598},{"@type":"BreadcrumbList","@id":"https:\/\/hemkinh.azdigi.shop\/index.php\/san-pham\/gong-kinh-tron-srn-bulonie-hk055\/#breadcrumb","itemListElement":[{"@type":"ListItem","position":1,"name":"Trang ch\u1ee7","item":"https:\/\/hemkinh.azdigi.shop\/"},{"@type":"ListItem","position":2,"name":"B\u1ed9 s\u01b0u t\u1eadp","item":"https:\/\/hemkinh.azdigi.shop\/?page_id=339"},{"@type":"ListItem","position":3,"name":"G\u1ecdng K\u00ednh Tr\u00f2n SRN Bulonie &#8211; HK055"}]},{"@type":"WebSite","@id":"https:\/\/hemkinh.azdigi.shop\/#website","url":"https:\/\/hemkinh.azdigi.shop\/","name":"hemkinh","description":"","publisher":{"@id":"https:\/\/hemkinh.azdigi.shop\/#organization"},"potentialAction":[{"@type":"SearchAction","target":{"@type":"EntryPoint","urlTemplate":"https:\/\/hemkinh.azdigi.shop\/?s={search_term_string}"},"query-input":{"@type":"PropertyValueSpecification","valueRequired":true,"valueName":"search_term_string"}}],"inLanguage":"vi"},{"@type":"Organization","@id":"https:\/\/hemkinh.azdigi.shop\/#organization","name":"hemkinh","url":"https:\/\/hemkinh.azdigi.shop\/","logo":{"@type":"ImageObject","inLanguage":"vi","@id":"https:\/\/hemkinh.azdigi.shop\/#\/schema\/logo\/image\/","url":"https:\/\/hemkinh.azdigi.shop\/wp-content\/uploads\/2026\/03\/b6fc8f68-8452-4d6f-8f3e-038287a0aca6.png","contentUrl":"https:\/\/hemkinh.azdigi.shop\/wp-content\/uploads\/2026\/03\/b6fc8f68-8452-4d6f-8f3e-038287a0aca6.png","width":1020,"height":680,"caption":"hemkinh"},"image":{"@id":"https:\/\/hemkinh.azdigi.shop\/#\/schema\/logo\/image\/"}}]}},"_links":{"self":[{"href":"https:\/\/hemkinh.azdigi.shop\/index.php?rest_route=\/wp\/v2\/product\/837","targetHints":{"allow":["GET"]}}],"collection":[{"href":"https:\/\/hemkinh.azdigi.shop\/index.php?rest_route=\/wp\/v2\/product"}],"about":[{"href":"https:\/\/hemkinh.azdigi.shop\/index.php?rest_route=\/wp\/v2\/types\/product"}],"replies":[{"embeddable":true,"href":"https:\/\/hemkinh.azdigi.shop\/index.php?rest_route=%2Fwp%2Fv2%2Fcomments&post=837"}],"wp:featuredmedia":[{"embeddable":true,"href":"https:\/\/hemkinh.azdigi.shop\/index.php?rest_route=\/wp\/v2\/media\/846"}],"wp:attachment":[{"href":"https:\/\/hemkinh.azdigi.shop\/index.php?rest_route=%2Fwp%2Fv2%2Fmedia&parent=837"}],"wp:term":[{"taxonomy":"product_brand","embeddable":true,"href":"https:\/\/hemkinh.azdigi.shop\/index.php?rest_route=%2Fwp%2Fv2%2Fproduct_brand&post=837"},{"taxonomy":"product_cat","embeddable":true,"href":"https:\/\/hemkinh.azdigi.shop\/index.php?rest_route=%2Fwp%2Fv2%2Fproduct_cat&post=837"},{"taxonomy":"product_tag","embeddable":true,"href":"https:\/\/hemkinh.azdigi.shop\/index.php?rest_route=%2Fwp%2Fv2%2Fproduct_tag&post=837"}],"curies":[{"name":"wp","href":"https:\/\/api.w.org\/{rel}","templated":true}]}}